{"id":626,"date":"2025-07-14T18:14:07","date_gmt":"2025-07-14T10:14:07","guid":{"rendered":"https:\/\/corn-machine.com\/?post_type=product&#038;p=626"},"modified":"2025-07-18T08:55:39","modified_gmt":"2025-07-18T00:55:39","slug":"corn-peeler-machine-for-kernels-peeling","status":"publish","type":"product","link":"https:\/\/corn-machine.com\/sw\/product\/corn-peeler-machine-for-kernels-peeling\/","title":{"rendered":"Mashine Rahisi ya Kuendesha Maganda ya Mahindi Madogo"},"content":{"rendered":"<p class=\"translation-block\">Hii <strong>mashine ndogo ya kuondoa ganda la mahindi<\/strong> inaondoa ganda jeusi kutoka kwa nafaka na kuondoa ngozi kwa usafi. Mwishowe, bidhaa zenye nafaka sawa zinaweza kutumika kwa usindikaji wa baadaye wa mahindi. Aidha, inaweza pia kuondoa ganda la ngano na mchele.<\/p>    <p>Uwezo wake unaweza kufikia 300-500 kg\/h. Mashine ya kuondoa ganda la mahindi ina muundo rahisi na ni rahisi kuendesha. Wakati huo huo, ukubwa wake ni 660*450*1020mm, ambayo inafaa kwa viwanda vidogo na warsha.<\/p>    <figure class=\"wp-block-embed is-type-video is-provider-youtube wp-block-embed-youtube wp-embed-aspect-16-9 wp-has-aspect-ratio\"><div class=\"wp-block-embed__wrapper\"> <iframe loading=\"lazy\" title=\"Hur fungerar en liten majs skalare? Hur skalas majs och ris? Avskalningsprocessen f\u00f6r spannm\u00e5l.\" width=\"500\" height=\"281\" src=\"https:\/\/www.youtube.com\/embed\/_uti2wqZY5M?feature=oembed\" frameborder=\"0\" allow=\"accelerometer; autoplay; clipboard-write; encrypted-media; gyroscope; picture-in-picture; web-share\" referrerpolicy=\"strict-origin-when-cross-origin\" allowfullscreen><\/iframe> <\/div><figcaption class=\"wp-element-caption\">mchakato wa kufanya kazi wa mashine ya kuondoa ganda la mahindi<\/figcaption><\/figure>    <h2 class=\"wp-block-heading\"><strong>Ni faida zipi dhahiri za mashine ya kuondoa ganda la mahindi? <\/strong><\/h2>    <ol class=\"wp-block-list\"> <li>Licha ya ukubwa wake mdogo, ina ufanisi mkubwa, na inaweza kuzalisha kilo 300-500 za nafaka za mahindi kwa saa.<\/li>    <li>Kwa kuendesha kwa urahisi, hata wanaoanza kukabiliana na mashine hii ya kuondoa ganda la mahindi wanaweza kuimudu haraka bila mafunzo ya muda mrefu.<\/li>    <li>Mbali na kuondoa ganda la mahindi, mashine hii ya kuondoa ngozi ya mahindi inaweza pia kutumika kuondoa ganda la ngano, mchele, na mazao mengine, ambayo ni ya vitendo sana.<\/li> <\/ol>   <div class=\"wp-block-image\"> <figure class=\"aligncenter size-full\"><img loading=\"lazy\" decoding=\"async\" width=\"720\" height=\"540\" src=\"https:\/\/corn-machine.com\/wp-content\/uploads\/2025\/07\/the-maize-peeling-machine.webp\" alt=\"mashine ya kuondoa ganda la mahindi kwa kuondoa ngano, mchele na mahindi\" class=\"wp-image-647\" title=\"\" srcset=\"https:\/\/corn-machine.com\/wp-content\/uploads\/2025\/07\/the-maize-peeling-machine.webp 720w, https:\/\/corn-machine.com\/wp-content\/uploads\/2025\/07\/the-maize-peeling-machine-300x225.webp 300w, https:\/\/corn-machine.com\/wp-content\/uploads\/2025\/07\/the-maize-peeling-machine-16x12.webp 16w\" sizes=\"auto, (max-width: 720px) 100vw, 720px\" \/><figcaption class=\"wp-element-caption\">mashine ya kuondoa ganda la mahindi <\/figcaption><\/figure> <\/div>   <h2 class=\"wp-block-heading\"><strong>Parameta za msingi za mashine ya kuondoa ngozi ya mahindi<\/strong><\/h2>    <figure class=\"wp-block-table aligncenter\"><table class=\"has-fixed-layout\"><tbody><tr><td class=\"has-text-align-center\" data-align=\"center\">Ukubwa<\/td><td>660*450*1020 mm<\/td><\/tr><tr><td class=\"has-text-align-center\" data-align=\"center\">Uzito<\/td><td>100 kg<\/td><\/tr><tr><td class=\"has-text-align-center\" data-align=\"center\">Uwezo<\/td><td>300-500 kg\/h<\/td><\/tr><tr><td class=\"has-text-align-center\" data-align=\"center\">Nguvu<\/td><td>Injini ya dizeli au motor ya umeme&nbsp;<\/td><\/tr><tr><td class=\"has-text-align-center\" data-align=\"center\">Vifaa<\/td><td>Mahindi, mchele, ngano, n.k.<\/td><\/tr><\/tbody><\/table><figcaption class=\"wp-element-caption\">parameta za mashine ya kibiashara ya kuondoa ganda la mahindi<\/figcaption><\/figure>    <h2 class=\"wp-block-heading\"><strong>Muundo rahisi wa mashine ya kuondoa ganda la mahindi<\/strong><\/h2>    <p>Kuna mifumo mitatu kuu ya mashine ya kuondoa ganda la mahindi: mfumo wa kulisha, mfumo wa kuondoa ganda, na mfumo wa kutolea.<\/p>    <p>Mfumo wa kulisha unajumuisha sehemu mbili: mfuniko wa funnel wa kuingiza malighafi na kitufe cha kudhibiti kasi ya kulisha.<\/p>    <p>Mfumo wa kuondoa ganda umewekwa na blade ya kuondoa ganda ili kuondoa ngozi na ganda jeusi la mahindi kwa usafi na haraka.<\/p>    <p>Kuna njia tatu za kutolea za mashine hii ya kuondoa ganda la nafaka: njia ndogo ya nafaka, njia ya kuondoa ngozi, na njia ya bidhaa iliyokamilika. Njia tofauti zinahusiana na matokeo tofauti.<\/p>   <div class=\"wp-block-image\"> <figure class=\"aligncenter size-full\"><img loading=\"lazy\" decoding=\"async\" width=\"720\" height=\"540\" src=\"https:\/\/corn-machine.com\/wp-content\/uploads\/2025\/07\/the-structure-of-corn-peeler-machine.webp\" alt=\"muundo wa kina wa mashine ya kuondoa ganda la mahindi\" class=\"wp-image-640\" title=\"\" srcset=\"https:\/\/corn-machine.com\/wp-content\/uploads\/2025\/07\/the-structure-of-corn-peeler-machine.webp 720w, https:\/\/corn-machine.com\/wp-content\/uploads\/2025\/07\/the-structure-of-corn-peeler-machine-300x225.webp 300w, https:\/\/corn-machine.com\/wp-content\/uploads\/2025\/07\/the-structure-of-corn-peeler-machine-16x12.webp 16w\" sizes=\"auto, (max-width: 720px) 100vw, 720px\" \/><figcaption class=\"wp-element-caption\">muundo wa mashine ya kuondoa ganda la mahindi<\/figcaption><\/figure> <\/div>   <h2 class=\"wp-block-heading\"><strong>Uzazi na matumizi ya mashine ya kuondoa ganda la nafaka za mahindi<\/strong><\/h2>    <p>Nafaka za mahindi zinatoka kwenye njia ya bidhaa iliyokamilika, kama inavyoonyesha mchoro wa muundo, na mazao mengine madogo yatatoka kwenye njia nyingine. Lakini sehemu hii ya mashine yetu ya kuondoa ganda la mahindi imepata sasisho. Sasa inaweza kuondoa ganda la ngano, mchele, na nafaka nyingine.<\/p>    <p>Kama hatua ya kwanza ya usindikaji wa mahindi, ambayo inamaanisha kuna njia mbalimbali za kupata faida kutoka kwake.<\/p>    <ul class=\"wp-block-list\"> <li>Unaweza kutumia nafaka za mahindi zilizoshughulikiwa kutengeneza unga na unga wa mahindi, ambao una thamani ya mauzo ya juu.<\/li>    <li>Ikiwa unafikiri kununua mashine nyingine si ya lazima, unaweza pia kuuza bidhaa hizi moja kwa moja kwa watengenezaji wa bidhaa za mahindi ili kupata faida mara moja. Hii pia inatumika kwa ngano na mchele zilizoshughulikiwa.<\/li>    <li>Dessutom \u00e4r de bearbetade <a href=\"https:\/\/en.wikipedia.org\/wiki\/Crop\" target=\"_blank\" rel=\"noopener\">gr\u00f6dorna<\/a> l\u00e4tta att spara under l\u00e5ng tid. Den kan anv\u00e4ndas som gr\u00f6t eller som en salladsidor\u00e4tt med utm\u00e4rkt smak och rik n\u00e4ring.<\/li> <\/ul>    <figure class=\"wp-block-gallery has-nested-images columns-default is-cropped wp-block-gallery-2 is-layout-flex wp-block-gallery-is-layout-flex\"> <figure class=\"wp-block-image size-large\"><img loading=\"lazy\" decoding=\"async\" width=\"720\" height=\"540\" data-id=\"645\" src=\"https:\/\/corn-machine.com\/wp-content\/uploads\/2025\/07\/peeled-wheat.webp\" alt=\"ngano iliyondolewa ganda na mashine ya kuondoa ganda\" class=\"wp-image-645\" title=\"\" srcset=\"https:\/\/corn-machine.com\/wp-content\/uploads\/2025\/07\/peeled-wheat.webp 720w, https:\/\/corn-machine.com\/wp-content\/uploads\/2025\/07\/peeled-wheat-300x225.webp 300w, https:\/\/corn-machine.com\/wp-content\/uploads\/2025\/07\/peeled-wheat-16x12.webp 16w\" sizes=\"auto, (max-width: 720px) 100vw, 720px\" \/><figcaption class=\"wp-element-caption\">ngano iliyondolewa ganda <\/figcaption><\/figure>    <figure class=\"wp-block-image size-large\"><img loading=\"lazy\" decoding=\"async\" width=\"720\" height=\"540\" data-id=\"644\" src=\"https:\/\/corn-machine.com\/wp-content\/uploads\/2025\/07\/the-peeled-corn.webp\" alt=\"mahindi yaliyondolewa ganda na mashine ya kuondoa ganda la mahindi\" class=\"wp-image-644\" title=\"\" srcset=\"https:\/\/corn-machine.com\/wp-content\/uploads\/2025\/07\/the-peeled-corn.webp 720w, https:\/\/corn-machine.com\/wp-content\/uploads\/2025\/07\/the-peeled-corn-300x225.webp 300w, https:\/\/corn-machine.com\/wp-content\/uploads\/2025\/07\/the-peeled-corn-16x12.webp 16w\" sizes=\"auto, (max-width: 720px) 100vw, 720px\" \/><figcaption class=\"wp-element-caption\">mahindi yaliyondolewa ganda<\/figcaption><\/figure> <\/figure>    <h2 class=\"wp-block-heading\"><strong>Mashine 30 za kuondoa ganda la mahindi zimetumwa Burkina Faso <\/strong><\/h2>    <p>Kuna mteja aliyeagiza seti thelathini za mashine zenye ufanisi za kuondoa maganda kwa serikali ya kilimo. Zao kuu katika eneo lao ni mahindi, kwa hivyo wanataka kununua vifaa vya mahindi na kufanya mchakato rahisi wa kuchakata kwa faida kubwa ili kuboresha mapato ya wakulima wa ndani.<\/p>    <p class=\"translation-block\">Hivyo wanahitaji <strong>mahitaji matatu<\/strong>: <\/p>    <ol class=\"wp-block-list\"> <li>Mashine hiyo inapaswa kuwa rahisi kufanya kazi.<\/li>    <li>Vifaa hivi vya mahindi vinahitaji kuwa na ukubwa mdogo na uzito mwepesi ili kuhamasika.<\/li>    <li>Uwezo wake unaweza kufikia angalau 400kg\/h.<\/li> <\/ol>    <p>Tuliwasaidia mara moja kuamua juu ya mashine hii ya kuondoa ganda la mahindi kama chaguo la mwisho. Ilikuwa na sifa sahihi walizohitaji. Tulikuwa na akiba ya kutosha, hivyo mara tu agizo lilipokamilika, tulilipakia na kulituma.<\/p>   <div class=\"wp-block-image\"> <figure class=\"aligncenter size-full\"><img loading=\"lazy\" decoding=\"async\" width=\"720\" height=\"540\" src=\"https:\/\/corn-machine.com\/wp-content\/uploads\/2025\/07\/shipping-of-the-corn-peeler-machine.webp\" alt=\"usafirishaji wa mashine ya kuondoa ganda la mahindi kwenda Afrika\" class=\"wp-image-648\" title=\"\" srcset=\"https:\/\/corn-machine.com\/wp-content\/uploads\/2025\/07\/shipping-of-the-corn-peeler-machine.webp 720w, https:\/\/corn-machine.com\/wp-content\/uploads\/2025\/07\/shipping-of-the-corn-peeler-machine-300x225.webp 300w, https:\/\/corn-machine.com\/wp-content\/uploads\/2025\/07\/shipping-of-the-corn-peeler-machine-16x12.webp 16w\" sizes=\"auto, (max-width: 720px) 100vw, 720px\" \/><figcaption class=\"wp-element-caption\">usafirishaji wa mashine ya kuondoa ganda la mahindi<\/figcaption><\/figure> <\/div>   <p>Miezi michache baadaye, walikuwa na mavuno makubwa ya mahindi, hivyo walitumia mashine hii kusindika mahindi yao. Walisema kwamba baada ya kutumia mashine hii ya kuondoa ganda la nafaka, walihifadhi kazi nyingi katika kuondoa ganda la mahindi, na bidhaa ya ubora wa juu ilileta faida zaidi kuliko hapo awali. Watu wengine wanapenda kupika na kula mahindi yaliyoshughulika, na yana ladha nzuri sana, ambayo inafanya iwe njia nzuri ya kuyauza!<\/p>    <p class=\"translation-block\">Na wanataka kununua mashine nyingine ya mahindi siku zijazo, kama <a href=\"https:\/\/corn-machine.com\/sw\/product\/maize-grits-making-machine\/\">mashine ya kutengeneza unga wa mahindi<\/a>, ili kutengeneza unga na unga kwa uchumi wa kibiashara zaidi. Tunatarajia chaguo la pili la ushirikiano wa kibiashara.<\/p>    <hr class=\"wp-block-separator has-alpha-channel-opacity is-style-wide\"\/>    <p><\/p>    <p>Sisi ni Taizy, ambao ni wataalamu wa mashine za kilimo. Shukrani kwa wateja wote duniani, tumepiga hatua nyingi kutokana na ushauri na maoni yao. Malengo yetu ni kufanya utafiti wa vifaa zaidi vya manufaa kusaidia maendeleo ya kilimo.<\/p>    <p>Karibu kutembelea tovuti yetu. Ikiwa unavutiwa na mashine zetu na unataka kujua maelezo zaidi, tafadhali wasiliana nasi kwa maelezo zaidi.<\/p>","protected":false},"excerpt":{"rendered":"<p>Kikono hiki kidogo cha mahindi kinafaa kwa maganda ya mahindi, ngano na nafaka zingine zenye uwezo wa maganda wa kilo 300-500 kwa saa. Kwa muundo rahisi na utendaji rahisi, inafaa sana kwa kufanya kazi katika warsha ndogo na viwanda.<\/p>","protected":false},"author":1,"featured_media":639,"parent":0,"template":"","tags":[31],"product-type":[47],"class_list":["post-626","product","type-product","status-publish","has-post-thumbnail","hentry","tag-corn","product-type-maize-peeler-machine"],"_links":{"self":[{"href":"https:\/\/corn-machine.com\/sw\/wp-json\/wp\/v2\/product\/626","targetHints":{"allow":["GET"]}}],"collection":[{"href":"https:\/\/corn-machine.com\/sw\/wp-json\/wp\/v2\/product"}],"about":[{"href":"https:\/\/corn-machine.com\/sw\/wp-json\/wp\/v2\/types\/product"}],"author":[{"embeddable":true,"href":"https:\/\/corn-machine.com\/sw\/wp-json\/wp\/v2\/users\/1"}],"wp:featuredmedia":[{"embeddable":true,"href":"https:\/\/corn-machine.com\/sw\/wp-json\/wp\/v2\/media\/639"}],"wp:attachment":[{"href":"https:\/\/corn-machine.com\/sw\/wp-json\/wp\/v2\/media?parent=626"}],"wp:term":[{"taxonomy":"post_tag","embeddable":true,"href":"https:\/\/corn-machine.com\/sw\/wp-json\/wp\/v2\/tags?post=626"},{"taxonomy":"product-type","embeddable":true,"href":"https:\/\/corn-machine.com\/sw\/wp-json\/wp\/v2\/product-type?post=626"}],"curies":[{"name":"[\"wp\"]","href":"https:\/\/api.w.org\/{rel}","templated":true}]}}