{"id":69,"date":"2022-09-07T06:11:06","date_gmt":"2022-09-06T22:11:06","guid":{"rendered":"https:\/\/corn-machine.com\/?post_type=product&#038;p=69"},"modified":"2025-08-25T14:29:02","modified_gmt":"2025-08-25T06:29:02","slug":"multi-function-corn-thresher","status":"publish","type":"product","link":"https:\/\/corn-machine.com\/sw\/product\/multi-function-corn-thresher\/","title":{"rendered":"Mashine nyingi za Kufyatua Mahindi | Mashine ya Kufyatua Ngano na Mtama"},"content":{"rendered":"<p class=\"translation-block\"><strong>Mashine ya kuondolea nafaka nyingi za mahindi<\/strong> ni mashine iliyoboreshwa kulingana na mashine ya kawaida ya kuondolea mahindi, ambayo inafaa kwa kuondolea mahindi (matokeo 3 t\/h), soya (matokeo 2 t\/h), ngano, mtama, uwele, na mazao mengine (matokeo 1.5 t\/h).<\/p>    <p>Mashine za kuondolea nafaka nyingi za Taizy Machinery ni maarufu sana sokoni na zimesafirishwa kwenda Australia, USA, Indonesia, Zimbabwe, Botswana, Nigeria, na nchi nyingine nyingi. Inachangia maendeleo ya kilimo cha ndani na imepokea hakiki nyingi nzuri.<\/p>    <figure class=\"wp-block-gallery has-nested-images columns-default is-cropped wp-block-gallery-2 is-layout-flex wp-block-gallery-is-layout-flex\"> <figure class=\"wp-block-image size-large\"><img loading=\"lazy\" decoding=\"async\" width=\"720\" height=\"540\" data-id=\"184\" src=\"https:\/\/corn-machine.com\/wp-content\/uploads\/2022\/09\/our-foreign-customers-are-testing-a-multipurpose-thresher.webp\" alt=\"wateja wetu wa kigeni wanajaribu kikwanguo cha madhumuni mengi\" class=\"wp-image-184\" title=\"\"><figcaption class=\"wp-element-caption\">wateja wetu wa kigeni wanajaribu kikwanguo cha madhumuni mengi<\/figcaption><\/figure>    <figure class=\"wp-block-image size-large\"><img loading=\"lazy\" decoding=\"async\" width=\"720\" height=\"540\" data-id=\"175\" src=\"https:\/\/corn-machine.com\/wp-content\/uploads\/2022\/09\/customer-visting.webp\" alt=\"mteja anatembelea\" class=\"wp-image-175\" title=\"\"><figcaption class=\"wp-element-caption\">mteja anatembelea<\/figcaption><\/figure> <\/figure>    <h2 class=\"wp-block-heading\" id=\"h-multi-function-corn-thresher-structures\"><strong>Miundo ya kikwanguo cha mahindi cha kazi nyingi<\/strong><\/h2>    <p>Mashine ya kumenya ngano inalingana na mwelekeo wa soko, ikiwa na muundo rahisi na muundo thabiti. Inajumuisha zaidi mlango wa kuingilia, mlango wa kutoka, mlango wa uchafu, na feni iliyoanzishwa. <\/p>    <p>Jambo moja la kuzingatia ni kwamba kikwanguo hiki kinaweza kuunganishwa na feni moja au feni mbili. Kwa mashine ya kumenya ngano yenye feni mbili, mbegu za mazao zilizomenywa ni safi zaidi.<\/p>   <div class=\"wp-block-image\"> <figure class=\"aligncenter size-full\"><img decoding=\"async\" src=\"https:\/\/corn-machine.com\/wp-content\/uploads\/2022\/09\/structure-of-multipurpose-thresher.webp\" alt=\"muundo wa kikwanguo cha madhumuni mengi\" class=\"wp-image-186\" title=\"\"><figcaption class=\"wp-element-caption\">muundo wa kikwanguo cha madhumuni mengi<\/figcaption><\/figure> <\/div>   <h2 class=\"wp-block-heading\" id=\"h-advantages-of-wheat-thresher-machine\"><strong>Faida za mashine ya kumenya ngano<\/strong><\/h2>    <ol class=\"wp-block-list\"> <li>Den multifunktionella majsavskiljaren har h\u00f6g arbets effektivitet, och den kommer inte att skada gr\u00f6dan med en<strong> tr\u00f6skningsgrad p\u00e5 upp till 95%<\/strong> f\u00f6r att g\u00f6ra den f\u00e4rdiga produkten mindre f\u00f6rorenad.<\/li>    <li>Denna multifunktionella majsavskiljare har olika kraftmetoder, inklusive en <strong>dieselmotor (6-8Hp), en bensinmotor (170F) och en elektrisk motor (2.2-3kw)<\/strong>, och kunderna kan v\u00e4lja r\u00e4tt kraftmetod beroende p\u00e5 den faktiska situationen. <\/li>    <li>Gr\u00f6da avskiljaren har ett brett spektrum av <strong>till\u00e4mpningar och kan skala och tr\u00f6ska olika gr\u00f6dor<\/strong>, inklusive majs, sorghum och vete.<\/li>    <li>Majsskalaren anv\u00e4nder en humaniserad design, maskinens h\u00f6jd \u00e4r l\u00e4mplig f\u00f6r m\u00e4nniskokroppens h\u00f6jd, vilket g\u00f6r det bekv\u00e4mt att l\u00e4gga i korn. Dessutom kan maskinen <strong>utrustas med hjul<\/strong> s\u00e5 att det \u00e4r l\u00e4tt att flytta.<\/li>    <li>Denna hirsavskiljare \u00e4r kostnadseffektiv, och <a href=\"https:\/\/corn-machine.com\/sw\/Info\/multi-function-corn-thresher-common-problems\/\">underh\u00e5llet av avskiljaren<\/a> \u00e4r enkelt, vilket kan hj\u00e4lpa m\u00e4nniskor att spara energi och pengar.<\/li> <\/ol>    <figure class=\"wp-block-gallery aligncenter has-nested-images columns-default is-cropped wp-block-gallery-3 is-layout-flex wp-block-gallery-is-layout-flex\"> <figure class=\"wp-block-image size-full\"><img loading=\"lazy\" decoding=\"async\" width=\"720\" height=\"540\" data-id=\"810\" src=\"https:\/\/corn-machine.com\/wp-content\/uploads\/2022\/09\/main-power-of-the-corn-thresher.webp\" alt=\"nguvu kuu tatu za kikwanguo cha mahindi\" class=\"wp-image-810\" title=\"\" srcset=\"https:\/\/corn-machine.com\/wp-content\/uploads\/2022\/09\/main-power-of-the-corn-thresher.webp 720w, https:\/\/corn-machine.com\/wp-content\/uploads\/2022\/09\/main-power-of-the-corn-thresher-300x225.webp 300w, https:\/\/corn-machine.com\/wp-content\/uploads\/2022\/09\/main-power-of-the-corn-thresher-16x12.webp 16w\" sizes=\"auto, (max-width: 720px) 100vw, 720px\" \/><figcaption class=\"wp-element-caption\">nguvu kuu ya kikwanguo cha mahindi<\/figcaption><\/figure>    <figure class=\"wp-block-image size-full\"><img loading=\"lazy\" decoding=\"async\" width=\"720\" height=\"540\" data-id=\"814\" src=\"https:\/\/corn-machine.com\/wp-content\/uploads\/2022\/09\/agriculture-thresher-machine.webp\" alt=\"mashine ya kumenya kilimo\" class=\"wp-image-814\" title=\"\" srcset=\"https:\/\/corn-machine.com\/wp-content\/uploads\/2022\/09\/agriculture-thresher-machine.webp 720w, https:\/\/corn-machine.com\/wp-content\/uploads\/2022\/09\/agriculture-thresher-machine-300x225.webp 300w, https:\/\/corn-machine.com\/wp-content\/uploads\/2022\/09\/agriculture-thresher-machine-16x12.webp 16w\" sizes=\"auto, (max-width: 720px) 100vw, 720px\" \/><figcaption class=\"wp-element-caption\">mashine ya kumenya kilimo<\/figcaption><\/figure> <\/figure>    <h2 class=\"wp-block-heading\" id=\"h-technical-parameters-of-multipurpose-thresher\"><strong>Vigezo vya kiufundi vya kikwanguo cha madhumuni mengi<\/strong><\/h2>    <p>Kuna mifumo miwili ya mashine hii ya kumenya mahindi, ambayo ina uwezo tofauti na chaguo za nguvu. Hapa kuna vigezo vyake vya kiteknolojia. Ikiwa unataka kupata picha za kina zaidi, tafadhali wasiliana nami ili kupata habari zaidi.<\/p>    <figure class=\"wp-block-table\"><table><tbody><tr><td>Mfano<\/td><td>Nguvu<\/td><td>Uwezo<\/td><td>Uzito<\/td><td>Ukubwa<\/td><td>Maombi<\/td><\/tr><tr><td>MT-860<\/td><td>Injini ya dizeli, injini ya petroli, motor ya umeme<\/td><td>1.5-2t\/h<\/td><td>112kg<\/td><td>1150*860<em>*<\/em>1160mm<\/td><td>Mtama, Miwa, Mahindi, Soya<\/td><\/tr><tr><td>MT-1200<\/td><td>Injini ya dizeli ya HP 10-12<\/td><td>mahindi 3t\/h,<br>Soya 2t\/h<br>Mtama, Miwa, Ngano, Mpunga 1.5t\/h<\/td><td>200kg<\/td><td>2100*1700*1400mm<\/td><td>Mtama, Miwa, Mahindi, Soya<\/td><\/tr><\/tbody><\/table><figcaption class=\"wp-element-caption\">vigezo vya kikwanguo cha mahindi cha kazi nyingi<\/figcaption><\/figure>    <h2 class=\"wp-block-heading\" id=\"h-applications-of-sorghum-threshing-machine\"><strong>Matumizi ya mashine ya kumenya mahindi<\/strong><\/h2>    <p class=\"translation-block\">Mashine ya kikwanguo cha mahindi cha kazi nyingi yanafaa kwa anuwai ya malighafi na inaweza kupekua na kumenya kwa wakati mmoja. Malighafi zinazotumika za mashine ya kumenya ngano ni pamoja na mtama, soya, mahindi, ngano, mtama, n.k., na hutumiwa sana katika mashamba ya ukubwa mbalimbali, wakulima binafsi, na viwanda vya kusindika nafaka. Kwa kuongezea, sisi pia tuna <a href=\"https:\/\/corn-machine.com\/sw\/product\/fresh-corn-sheller-machine\/\">mashine za kumenya mahindi mabichi<\/a>. Ikiwa una nia, tafadhali wasiliana nasi.<\/p>    <figure class=\"wp-block-gallery has-nested-images columns-default is-cropped wp-block-gallery-4 is-layout-flex wp-block-gallery-is-layout-flex\"> <figure class=\"wp-block-image size-large\"><img loading=\"lazy\" decoding=\"async\" width=\"683\" height=\"456\" data-id=\"73\" src=\"https:\/\/corn-machine.com\/wp-content\/uploads\/2022\/09\/millet-thresher.webp\" alt=\"matumizi ya kikwanguo cha mtama\" class=\"wp-image-73\" title=\"\"><figcaption class=\"wp-element-caption\">matumizi ya kikwanguo cha mtama<\/figcaption><\/figure>    <figure class=\"wp-block-image size-large\"><img loading=\"lazy\" decoding=\"async\" width=\"644\" height=\"433\" data-id=\"74\" src=\"https:\/\/corn-machine.com\/wp-content\/uploads\/2022\/09\/thresher.webp\" alt=\"matumizi ya kikwanguo\" class=\"wp-image-74\" title=\"\"><figcaption class=\"wp-element-caption\">matumizi ya kimenya mahindi<\/figcaption><\/figure> <\/figure>    <figure class=\"wp-block-embed is-type-video is-provider-youtube wp-block-embed-youtube wp-embed-aspect-16-9 wp-has-aspect-ratio\"><div class=\"wp-block-embed__wrapper\"> <iframe loading=\"lazy\" title=\"Mashine ya Kuondolea Nafaka Nyingi \ud83c\udf3e | Kiwango cha Juu cha Kuondolea Nafaka na Nguvu Mbalimbali za Kuchakata Mazao! \ud83d\ude9c\" width=\"500\" height=\"281\" src=\"https:\/\/www.youtube.com\/embed\/NSSRi0z_JQg?feature=oembed\" frameborder=\"0\" allow=\"accelerometer; autoplay; clipboard-write; encrypted-media; gyroscope; picture-in-picture; web-share\" referrerpolicy=\"strict-origin-when-cross-origin\" allowfullscreen><\/iframe> <\/div><figcaption class=\"wp-element-caption\">mchakato wa kufanya kazi wa kumenya nafaka hii<\/figcaption><\/figure>    <h2 class=\"wp-block-heading\"><strong>Bei ya mashine ya kumenya kiotomatiki kama hiyo<\/strong><\/h2>    <p>Mashine ya kumenya mahindi sio ghali, na vitendo vyake hufanya iwe na gharama nafuu zaidi. Bei jumla ni mamia ya dola, ambayo inajumuisha sehemu kama hizi:<\/p>    <ul class=\"wp-block-list\"> <li>&nbsp;Den maskinkraft du valde, normalt priset fr\u00e5n l\u00e5gt till h\u00f6gt: <a href=\"https:\/\/en.wikipedia.org\/wiki\/Petrol_engine\" target=\"_blank\" rel=\"noopener\">bensinmotor<\/a> &lt; elektrisk motor &lt; dieselmotor<\/li>    <li>Huduma ya ziada, kama vile upakiaji wa kisanduku cha mbao kulinda mashine, ni sehemu ndogo tu ya bili.<\/li>    <li>Njia ya usafirishaji unayochagua pia itaimarisha bei. Usafiri wa anga ni wa haraka lakini ni ghali zaidi kuliko usafirishaji.<\/li> <\/ul>    <h2 class=\"wp-block-heading\" id=\"h-global-case-of-multi-function-corn-thresher\"><strong>Kesi ya kimataifa ya kikwanguo cha mahindi cha kazi nyingi<\/strong><\/h2>    <p>Hivi karibuni tulipeleka seti 40 za mashine za kuondolea mahindi mengi nchini Zimbabwe. Zimbabwe ni nchi kubwa ya kilimo, na mteja ni muuzaji kutoka Zimbabwe ambaye anajishughulisha na biashara ya kulima mahindi.<\/p>    <p> Alitaka kununua mashine za kumenya mahindi ili kuchakata biashara yake. Baada ya kuelewa mahitaji yake, Grace, meneja wa mauzo, alipendekeza kikwanguo hiki cha madhumuni mengi kwa sababu kilikuwa na matumizi mengi na kilikuwa na gharama nafuu kuliko bidhaa zingine. <\/p>    <p>Mteja wa Zimbabwe aliridhika sana na vipengele na bei ya mashine na akaweka agizo lake haraka. <\/p>   <div class=\"wp-block-image\"> <figure class=\"aligncenter size-large\"><img loading=\"lazy\" decoding=\"async\" width=\"720\" height=\"540\" src=\"https:\/\/corn-machine.com\/wp-content\/uploads\/2022\/09\/load.webp\" alt=\"mzigo wa kimenya mahindi ya umeme\" class=\"wp-image-180\" title=\"\"><figcaption class=\"wp-element-caption\">mzigo wa kimenya mahindi ya umeme<\/figcaption><\/figure> <\/div>  <div class=\"wp-block-image\"> <figure class=\"aligncenter size-large\"><img loading=\"lazy\" decoding=\"async\" width=\"720\" height=\"540\" src=\"https:\/\/corn-machine.com\/wp-content\/uploads\/2022\/09\/load-and-delivery-of-multipurpose-thresher.webp\" alt=\"mzigo na utoaji wa kikwanguo cha madhumuni mengi\" class=\"wp-image-179\" title=\"\"><figcaption class=\"wp-element-caption\">mzigo na utoaji wa kikwanguo cha madhumuni mengi<\/figcaption><\/figure> <\/div>   <p>Huu hapa ni picha iliyotumwa na mshirika wetu wa biashara, ambaye anaonyesha shughuli hizo kwa wakulima wa ndani. \"Wewe ni mtoaji wa kuaminika, na mashine hii ni vifaa vyangu bora. Kila mtu aliisifu sana.\"<\/p>    <p>Sisi ni Taizy, kampuni ya kimataifa ya biashara ambayo inajikita katika utengenezaji wa mashine mbalimbali. Ikiwa unataka ushirikiano wowote nasi, usisite kutushauri!<\/p>   <div class=\"wp-block-image\"> <figure class=\"aligncenter size-full\"><img loading=\"lazy\" decoding=\"async\" width=\"720\" height=\"540\" src=\"https:\/\/corn-machine.com\/wp-content\/uploads\/2022\/09\/feedback-of-the-corn-sheller-machine.webp\" alt=\"maoni ya mashine ya kikwanguo cha mahindi cha kazi nyingi\" class=\"wp-image-813\" title=\"\" srcset=\"https:\/\/corn-machine.com\/wp-content\/uploads\/2022\/09\/feedback-of-the-corn-sheller-machine.webp 720w, https:\/\/corn-machine.com\/wp-content\/uploads\/2022\/09\/feedback-of-the-corn-sheller-machine-300x225.webp 300w, https:\/\/corn-machine.com\/wp-content\/uploads\/2022\/09\/feedback-of-the-corn-sheller-machine-16x12.webp 16w\" sizes=\"auto, (max-width: 720px) 100vw, 720px\" \/><figcaption class=\"wp-element-caption\">maoni ya mashine ya kikwanguo cha mahindi cha kazi nyingi<\/figcaption><\/figure> <\/div>   <h2 class=\"wp-block-heading\"><strong>Maswali Yanayoulizwa Mara kwa Mara kuhusu mashine hii ya kumenya mahindi<\/strong><\/h2>   <div id=\"rank-math-faq\" class=\"rank-math-block\"> <div class=\"rank-math-list\"> <div id=\"faq-question-1754450841002\" class=\"rank-math-list-item\"> <h3 class=\"rank-math-question\">Hur man v\u00e4rderar olika gr\u00f6dor?<\/h3> <div class=\"rank-math-answer\">  <p>Du m\u00e5ste byta sk\u00e4rmen mot ett annat n\u00e4t. N\u00e4r du krossar majs m\u00e5ste du ta bort de fyra interna axlarna.<\/p>  <\/div> <\/div> <div id=\"faq-question-1754450901111\" class=\"rank-math-list-item\"> <h3 class=\"rank-math-question\">Sijui jinsi ya kutumia mashine. Utaitoa nini?<\/h3> <div class=\"rank-math-answer\">  <p>Tutakupa video za michakato ya usakinishaji wa mashine, uendeshaji, kubadilisha skrini, n.k.<\/p>  <\/div> <\/div> <div id=\"faq-question-1754450952149\" class=\"rank-math-list-item\"> <h3 class=\"rank-math-question\">\u00c4r sk\u00f6rdetr\u00f6skan l\u00e4tt att flytta?<\/h3> <div class=\"rank-math-answer\">  <p>Tuliweka magurudumu na vipini vya kusukuma kwa urahisi wa kusonga<\/p>  <\/div> <\/div> <div id=\"faq-question-1754451045635\" class=\"rank-math-list-item\"> <h3 class=\"rank-math-question\">Ni mazao gani yanaweza kuchakatwa na mashine ya kikwanguo cha mahindi cha kazi nyingi?<\/h3> <div class=\"rank-math-answer\">  <p>Ngano, ngano, soya, mtama, n.k.<\/p>  <\/div> <\/div> <div id=\"faq-question-1754451098340\" class=\"rank-math-list-item\"> <h3 class=\"rank-math-question\">Nini matokeo na kiwango cha kupura cha mashine hii ya kupepeta?<\/h3> <div class=\"rank-math-answer\">  <p>Uzalisaji wake ni 1-1.5t; kiwango cha kupura \u226595%<\/p>  <\/div> <\/div> <\/div> <\/div>   <figure class=\"wp-block-embed aligncenter is-type-video is-provider-youtube wp-block-embed-youtube wp-embed-aspect-16-9 wp-has-aspect-ratio\"><div class=\"wp-block-embed__wrapper\"> <iframe loading=\"lazy\" title=\"M\u00e5ngsidig spannm\u00e5lsskalningsmaskin| Elektrisk\/Diesel\/Bensin Driven Kan Som Energi!\" width=\"500\" height=\"281\" src=\"https:\/\/www.youtube.com\/embed\/C299z31YTKg?feature=oembed\" frameborder=\"0\" allow=\"accelerometer; autoplay; clipboard-write; encrypted-media; gyroscope; picture-in-picture; web-share\" referrerpolicy=\"strict-origin-when-cross-origin\" allowfullscreen><\/iframe> <\/div><figcaption class=\"wp-element-caption\">mchakato wa kufanya kazi<\/figcaption><\/figure>","protected":false},"excerpt":{"rendered":"<p>Kikono cha mahindi chenye kazi nyingi kinaweza kusafisha nafaka mbalimbali, ambacho kiwango cha kupepeta kinaweza kufikia 95%. Kinweza kuboresha ufanisi wa kazi na kupunguza gharama za kuajiri wafanyakazi.<\/p>","protected":false},"author":1,"featured_media":78,"parent":0,"template":"","tags":[20],"product-type":[42],"class_list":["post-69","product","type-product","status-publish","has-post-thumbnail","hentry","tag-corn-thresher","product-type-maize-sheller-machine"],"_links":{"self":[{"href":"https:\/\/corn-machine.com\/sw\/wp-json\/wp\/v2\/product\/69","targetHints":{"allow":["GET"]}}],"collection":[{"href":"https:\/\/corn-machine.com\/sw\/wp-json\/wp\/v2\/product"}],"about":[{"href":"https:\/\/corn-machine.com\/sw\/wp-json\/wp\/v2\/types\/product"}],"author":[{"embeddable":true,"href":"https:\/\/corn-machine.com\/sw\/wp-json\/wp\/v2\/users\/1"}],"wp:featuredmedia":[{"embeddable":true,"href":"https:\/\/corn-machine.com\/sw\/wp-json\/wp\/v2\/media\/78"}],"wp:attachment":[{"href":"https:\/\/corn-machine.com\/sw\/wp-json\/wp\/v2\/media?parent=69"}],"wp:term":[{"taxonomy":"post_tag","embeddable":true,"href":"https:\/\/corn-machine.com\/sw\/wp-json\/wp\/v2\/tags?post=69"},{"taxonomy":"product-type","embeddable":true,"href":"https:\/\/corn-machine.com\/sw\/wp-json\/wp\/v2\/product-type?post=69"}],"curies":[{"name":"[\"wp\"]","href":"https:\/\/api.w.org\/{rel}","templated":true}]}}