{"id":862,"date":"2025-08-19T16:24:12","date_gmt":"2025-08-19T08:24:12","guid":{"rendered":"https:\/\/corn-machine.com\/?post_type=product&#038;p=862"},"modified":"2025-08-29T17:24:06","modified_gmt":"2025-08-29T09:24:06","slug":"sweet-corn-cutting-machine-food-process","status":"publish","type":"product","link":"https:\/\/corn-machine.com\/sw\/product\/sweet-corn-cutting-machine-food-process\/","title":{"rendered":"Mashine ya Kukata Mahindi ya Kijautomati kwa Usindikaji wa Mahindi Mapya"},"content":{"rendered":"<p class=\"translation-block\">Taizy fresh <strong>corn cutting machine<\/strong> kan huvudsakligen sk\u00e4ra klibbig majs, s\u00f6tmajs, frusen majs och andra livsmedel av liknande form och h\u00e5rdhet (mor\u00f6tter, kassavar och yams). Dess max sk\u00e4romr\u00e5de \u00e4r 25 mm, med en output som kan n\u00e5 500 kg-600 kg per timme. <\/p>    <p>Det finns tv\u00e5 typer av majs sk\u00e4rare: enkelradiga majs sk\u00e4rare (kan producera 1500 majs per timme) och dubbla rad majs sk\u00e4rare (kan bearbeta 3000 majs per timme).<\/p>    <figure class=\"wp-block-gallery has-nested-images columns-default is-cropped wp-block-gallery-2 is-layout-flex wp-block-gallery-is-layout-flex\"> <figure class=\"wp-block-image size-large\"><img loading=\"lazy\" decoding=\"async\" width=\"720\" height=\"540\" data-id=\"910\" src=\"https:\/\/corn-machine.com\/wp-content\/uploads\/2025\/08\/single-row-sweet-corn-cutter.webp\" alt=\"enkelrad s\u00f6tmajs sk\u00e4rare\" class=\"wp-image-910\" title=\"\" srcset=\"https:\/\/corn-machine.com\/wp-content\/uploads\/2025\/08\/single-row-sweet-corn-cutter.webp 720w, https:\/\/corn-machine.com\/wp-content\/uploads\/2025\/08\/single-row-sweet-corn-cutter-300x225.webp 300w, https:\/\/corn-machine.com\/wp-content\/uploads\/2025\/08\/single-row-sweet-corn-cutter-16x12.webp 16w\" sizes=\"auto, (max-width: 720px) 100vw, 720px\" \/><figcaption class=\"wp-element-caption\">enkelrad s\u00f6tmajs sk\u00e4rare<\/figcaption><\/figure>    <figure class=\"wp-block-image size-full\"><img loading=\"lazy\" decoding=\"async\" width=\"720\" height=\"540\" data-id=\"912\" src=\"https:\/\/corn-machine.com\/wp-content\/uploads\/2025\/08\/double-row-waxy-corn-cutter.webp\" alt=\"dubbla rad vax majs sk\u00e4rare\" class=\"wp-image-912\" title=\"\" srcset=\"https:\/\/corn-machine.com\/wp-content\/uploads\/2025\/08\/double-row-waxy-corn-cutter.webp 720w, https:\/\/corn-machine.com\/wp-content\/uploads\/2025\/08\/double-row-waxy-corn-cutter-300x225.webp 300w, https:\/\/corn-machine.com\/wp-content\/uploads\/2025\/08\/double-row-waxy-corn-cutter-16x12.webp 16w\" sizes=\"auto, (max-width: 720px) 100vw, 720px\" \/><figcaption class=\"wp-element-caption\">dubbla rad vax majs sk\u00e4rare<\/figcaption><\/figure> <\/figure>    <p>Aina hii ya mashine ya kukata mahindi hutumiwa sana katika viwanda vya kuchakata chakula, ikisaidia kwa ufanisi otomatiki wa michakato ya uzalishaji. Tumesafirisha kwenda Vietnam, Marekani, Singapore, na nchi zingine. Karibu wateja wetu wote wanatupa maoni mazuri juu ya kufikia malengo yao ya uzalishaji wa laini ya kiwanda.<\/p>    <h2 class=\"wp-block-heading\"><strong>Inafanyaje kazi mashine hii ya kukata mahindi safi?<\/strong><\/h2>    <p>Hatua ya kwanza ya operesheni ya kukata mahindi ni kuangalia. Pointi tatu zinahitaji kuzingatiwa: <\/p>    <ul class=\"wp-block-list\"> <li>Je, ukanda wa usafirishaji unafanya kazi kwa ufanisi bila kizuizi chochote?<\/li>    <li>Je, bilao inafanya kazi ipasavyo? Jaribu kwa kuweka mahindi moja mzima ndani yake kwanza.<\/li>    <li>Usikate mahindi yakiwa na maganda.<\/li> <\/ul>    <p>Kisha unaweza kuiendesha kawaida kama sehemu ya laini yako ya uzalishaji.<\/p>    <figure class=\"wp-block-embed aligncenter is-type-video is-provider-youtube wp-block-embed-youtube wp-embed-aspect-16-9 wp-has-aspect-ratio\"><div class=\"wp-block-embed__wrapper\"> <iframe loading=\"lazy\" title=\"\ud83c\udf3dMashine ya Juu ya Ufanisi ya Kukata Mahindi | Kikata Mabua ya Mahindi Safi na Yenye Kufungwa kwa Ajili ya Kuchakata Chakula!\" width=\"500\" height=\"281\" src=\"https:\/\/www.youtube.com\/embed\/r5H145IzOCA?feature=oembed\" frameborder=\"0\" allow=\"accelerometer; autoplay; clipboard-write; encrypted-media; gyroscope; picture-in-picture; web-share\" referrerpolicy=\"strict-origin-when-cross-origin\" allowfullscreen><\/iframe> <\/div><figcaption class=\"wp-element-caption\">video ya uendeshaji wa mashine ya kukata mahindi<\/figcaption><\/figure>    <h2 class=\"wp-block-heading\"><strong>Vipengele muhimu vya mashine ya kukata mahindi tamu<\/strong><\/h2>    <ul class=\"wp-block-list\"> <li>De flesta delar av den tillverkas av SUS304 och GB-klass livsmedelsst\u00e5l av h\u00f6gsta kvalitet. Majs kolvklingan \u00e4r l\u00e4tt att reng\u00f6ra och har l\u00e5ng livsl\u00e4ngd.<\/li>    <li>Mbali na kukata mahindi yaliyogandishwa, mapya, na yaliyokomaa, pia inafaa kwa karoti, viazi vitamu, <a href=\"https:\/\/en.wikipedia.org\/wiki\/Cassava\" target=\"_blank\" rel=\"noopener\">viazi mviringo<\/a>, na aina nyingine za chakula.<\/li>    <li>The <strong>urefu wa kukata unaweza kubadilishwa<\/strong> ili kuhakikisha kukata kwa usahihi, na kufanya iwe rahisi kwa uzalishaji wa vyakula vilivyopakiwa kwa uangalifu. Mahindi kamili yanaweza kugawanywa katika sehemu mbili au zaidi, ambazo pia zinaweza kubadilishwa.<\/li>    <li>Inatumia <strong>blades za mzunguko za chuma cha manganese cha ubora wa juu<\/strong> kwa kukata kwa usahihi na uso wa blade laini. Bidhaa iliyomalizika ina muonekano safi bila kumwagika kwa nyenzo.<\/li>    <li>Vifaa hivi vya kukata mahindi vinatoa <strong>Ufanisi mkubwa wa uzalishaji<\/strong>, na uzalishaji wa saa 500-600 kg, ambao unaweza kukidhi mahitaji ya uzalishaji wa viwandani zaidi.<\/li> <\/ul>    <figure class=\"wp-block-gallery has-nested-images columns-2 is-cropped wp-block-gallery-3 is-layout-flex wp-block-gallery-is-layout-flex\"> <figure class=\"wp-block-image size-large\"><img loading=\"lazy\" decoding=\"async\" width=\"720\" height=\"540\" data-id=\"868\" src=\"https:\/\/corn-machine.com\/wp-content\/uploads\/2025\/08\/fresh-maize-cutter-machine.webp\" alt=\"mashine yenye mahindi yaliyo nayo\" class=\"wp-image-868\" title=\"\" srcset=\"https:\/\/corn-machine.com\/wp-content\/uploads\/2025\/08\/fresh-maize-cutter-machine.webp 720w, https:\/\/corn-machine.com\/wp-content\/uploads\/2025\/08\/fresh-maize-cutter-machine-300x225.webp 300w, https:\/\/corn-machine.com\/wp-content\/uploads\/2025\/08\/fresh-maize-cutter-machine-16x12.webp 16w\" sizes=\"auto, (max-width: 720px) 100vw, 720px\" \/><figcaption class=\"wp-element-caption\">mashine ya kukata mahindi ya usafirishaji wa njia mbili<\/figcaption><\/figure>    <figure class=\"wp-block-image size-full\"><img loading=\"lazy\" decoding=\"async\" width=\"720\" height=\"540\" data-id=\"872\" src=\"https:\/\/corn-machine.com\/wp-content\/uploads\/2025\/08\/cut-piece-of-sweet-corn.webp\" alt=\"uso laini wa sehemu iliyokatwa ya mahindi matamu\" class=\"wp-image-872\" title=\"\" srcset=\"https:\/\/corn-machine.com\/wp-content\/uploads\/2025\/08\/cut-piece-of-sweet-corn.webp 720w, https:\/\/corn-machine.com\/wp-content\/uploads\/2025\/08\/cut-piece-of-sweet-corn-300x225.webp 300w, https:\/\/corn-machine.com\/wp-content\/uploads\/2025\/08\/cut-piece-of-sweet-corn-16x12.webp 16w\" sizes=\"auto, (max-width: 720px) 100vw, 720px\" \/><figcaption class=\"wp-element-caption\">uso laini wa sehemu iliyokatwa ya mahindi matamu<\/figcaption><\/figure>    <figure class=\"wp-block-image size-large\"><img loading=\"lazy\" decoding=\"async\" width=\"720\" height=\"540\" data-id=\"867\" src=\"https:\/\/corn-machine.com\/wp-content\/uploads\/2025\/08\/3-cm-corn-segments.webp\" alt=\"vipande 3 cm vya mahindi vilivyokatwa na kikata mahindi\" class=\"wp-image-867\" title=\"\" srcset=\"https:\/\/corn-machine.com\/wp-content\/uploads\/2025\/08\/3-cm-corn-segments.webp 720w, https:\/\/corn-machine.com\/wp-content\/uploads\/2025\/08\/3-cm-corn-segments-300x225.webp 300w, https:\/\/corn-machine.com\/wp-content\/uploads\/2025\/08\/3-cm-corn-segments-16x12.webp 16w\" sizes=\"auto, (max-width: 720px) 100vw, 720px\" \/><figcaption class=\"wp-element-caption\">vipande 3 cm vya mahindi<\/figcaption><\/figure>    <figure class=\"wp-block-image size-large\"><img loading=\"lazy\" decoding=\"async\" width=\"720\" height=\"540\" data-id=\"869\" src=\"https:\/\/corn-machine.com\/wp-content\/uploads\/2025\/08\/corn-cutter-machine.webp\" alt=\"mashine ya kukata mahindi ya chuma cha pua\" class=\"wp-image-869\" title=\"\" srcset=\"https:\/\/corn-machine.com\/wp-content\/uploads\/2025\/08\/corn-cutter-machine.webp 720w, https:\/\/corn-machine.com\/wp-content\/uploads\/2025\/08\/corn-cutter-machine-300x225.webp 300w, https:\/\/corn-machine.com\/wp-content\/uploads\/2025\/08\/corn-cutter-machine-16x12.webp 16w\" sizes=\"auto, (max-width: 720px) 100vw, 720px\" \/><figcaption class=\"wp-element-caption\">mashine ya kukata mahindi ya chuma cha pua<\/figcaption><\/figure> <\/figure>    <h2 class=\"wp-block-heading\"><strong>Corn cob slicer&#8217;s parameters<\/strong><\/h2>    <figure class=\"wp-block-table\"><table class=\"has-fixed-layout\"><tbody><tr><td>Mfano<\/td><td class=\"has-text-align-center\" data-align=\"center\">TZ-100<\/td><\/tr><tr><td>Nguvu<\/td><td class=\"has-text-align-center\" data-align=\"center\">2.5-3 KW<\/td><\/tr><tr><td>Voltage<\/td><td class=\"has-text-align-center\" data-align=\"center\">380 V<\/td><\/tr><tr><td>Upana wa ufanisi wa ukanda wa mesh<\/td><td class=\"has-text-align-center\" data-align=\"center\">400 mm<\/td><\/tr><tr><td>Ukubwa wa juu zaidi wa kukata<\/td><td class=\"has-text-align-center\" data-align=\"center\">25 mm<\/td><\/tr><tr><td>Uwezo<\/td><td class=\"has-text-align-center\" data-align=\"center\">2000-3000 pcs\/h<\/td><\/tr><tr><td>Kipimo<\/td><td class=\"has-text-align-center\" data-align=\"center\">2130*1170*1360 mm<\/td><\/tr><tr><td>Idadi ya trei<\/td><td class=\"has-text-align-center\" data-align=\"center\">21 seti \u00d7 2 pcs kila moja<\/td><\/tr><\/tbody><\/table><figcaption class=\"wp-element-caption\">Vigezo vya kiufundi vya mashine ya kukata mahindi<\/figcaption><\/figure>    <p>Not: Kontodelen av majs kan anpassas, men inte mindre \u00e4n 2,5 cm. Om du vill sk\u00e4ra tv\u00e5 storlekar av majssnitt kan du byta blad. Men om storlekarna p\u00e5 majssnitt som du beh\u00f6ver inte kan bilda ett multiplikf\u00f6rh\u00e5llande, m\u00e5ste du k\u00f6pa en majsknivmaskin till.<\/p>    <p>Till exempel kan en maskin bearbeta 2,5 cm, 5 cm och till och med 7 cm majsk\u00e4rnor. Men om du vill sk\u00e4ra andra storlekar b\u00f6r du k\u00f6pa en annan maskin f\u00f6r att bearbeta 3 cm, 6 cm majssnitt.<\/p>   <div class=\"wp-block-image\"> <figure class=\"aligncenter size-full\"><img loading=\"lazy\" decoding=\"async\" width=\"720\" height=\"540\" src=\"https:\/\/corn-machine.com\/wp-content\/uploads\/2025\/08\/corn-slicer-machine.webp\" alt=\"mashine ya kukata mahindi kwa ajili ya kuchakata chakula cha mahindi \" class=\"wp-image-866\" title=\"\" srcset=\"https:\/\/corn-machine.com\/wp-content\/uploads\/2025\/08\/corn-slicer-machine.webp 720w, https:\/\/corn-machine.com\/wp-content\/uploads\/2025\/08\/corn-slicer-machine-300x225.webp 300w, https:\/\/corn-machine.com\/wp-content\/uploads\/2025\/08\/corn-slicer-machine-16x12.webp 16w\" sizes=\"auto, (max-width: 720px) 100vw, 720px\" \/><figcaption class=\"wp-element-caption\">mashine ya kukata mahindi<\/figcaption><\/figure> <\/div>   <h2 class=\"wp-block-heading\"><strong>Muundo mkuu wa mashine ya kukata mahindi<\/strong><\/h2>    <p>Kuna mifumo miwili mikuu ya mashine hii ya kiotomatiki ya kukata mahindi kumaliza mchakato mzima: mfumo wa kukata na mfumo wa usafirishaji.<\/p>    <p>Sehemu muhimu zaidi ya mfumo wa kukata ni bilao kali ya chuma cha pua, ambayo ina usambazaji wa umeme tofauti kutoka kwa uendeshaji wa mashine nzima, ikihitaji motor ya ziada yenye nguvu ya 3KW.<\/p>    <p>Mfumo wa usafirishaji una jumla ya seti 21 za trei (kila moja ina pcs 2) zenye kazi ya kurekebisha mahindi na kupunguza kwa ufanisi muda wa kufanya kazi.<\/p>    <figure class=\"wp-block-gallery has-nested-images columns-default is-cropped wp-block-gallery-4 is-layout-flex wp-block-gallery-is-layout-flex\"> <figure class=\"wp-block-image size-large\"><img loading=\"lazy\" decoding=\"async\" width=\"720\" height=\"540\" data-id=\"864\" src=\"https:\/\/corn-machine.com\/wp-content\/uploads\/2025\/08\/blades-of-fresh-maize-cutter-machine.webp\" alt=\"bilao za mashine ya kukata mahindi safi\" class=\"wp-image-864\" title=\"\" srcset=\"https:\/\/corn-machine.com\/wp-content\/uploads\/2025\/08\/blades-of-fresh-maize-cutter-machine.webp 720w, https:\/\/corn-machine.com\/wp-content\/uploads\/2025\/08\/blades-of-fresh-maize-cutter-machine-300x225.webp 300w, https:\/\/corn-machine.com\/wp-content\/uploads\/2025\/08\/blades-of-fresh-maize-cutter-machine-16x12.webp 16w\" sizes=\"auto, (max-width: 720px) 100vw, 720px\" \/><figcaption class=\"wp-element-caption\">bilao za mashine ya kukata mahindi safi<\/figcaption><\/figure>    <figure class=\"wp-block-image size-large\"><img loading=\"lazy\" decoding=\"async\" width=\"720\" height=\"540\" data-id=\"865\" src=\"https:\/\/corn-machine.com\/wp-content\/uploads\/2025\/08\/fresh-whole-corn-cutting.webp\" alt=\"mfumo wa usafirishaji wa mahindi na trei za mashine ya kukata mahindi matamu\" class=\"wp-image-865\" title=\"\" srcset=\"https:\/\/corn-machine.com\/wp-content\/uploads\/2025\/08\/fresh-whole-corn-cutting.webp 720w, https:\/\/corn-machine.com\/wp-content\/uploads\/2025\/08\/fresh-whole-corn-cutting-300x225.webp 300w, https:\/\/corn-machine.com\/wp-content\/uploads\/2025\/08\/fresh-whole-corn-cutting-16x12.webp 16w\" sizes=\"auto, (max-width: 720px) 100vw, 720px\" \/><figcaption class=\"wp-element-caption\">mfumo wa usafirishaji wa mahindi na trei<\/figcaption><\/figure> <\/figure>    <h2 class=\"wp-block-heading\"><strong>Kesi iliyofanikiwa ya kusafirisha vikata mahindi kwenye kiwanda cha kuchakata mahindi cha Kivietinamu<\/strong><\/h2>    <p>Mteja wetu ni kiwanda cha kuchakata mahindi nchini Vietnam, kinachojishughulisha na mahindi safi na bidhaa zinazotokana na mahindi. Kiwanda kinashughulikia kiasi kikubwa cha mahindi kila siku. Ili kuboresha tija na ubora wa bidhaa, mteja alikuwa akitafuta suluhisho la kukata mahindi lenye ufanisi wa juu, sahihi, na rahisi.<\/p>    <p>Wakati wa mawasiliano, mteja alitoa mahitaji ya kiufundi ya wazi kuhusu ukubwa wa kukata, usambazaji wa umeme, na msaada wa ufungaji.<\/p>    <p>Kulingana na mahitaji, tulitoa Mashine mbili za Kukata Mahindi zilizobinafsishwa:<\/p>    <ul class=\"wp-block-list\"> <li>Mashine mbili zilizobinafsishwa: mashine ya kukata ya 2.5 cm \/ 5 cm na kikata mahindi cha 3.5 cm \/ 7 cm.<\/li>    <li>Ina vifaa vya muundo wa kisu na shimoni wa kubadilisha haraka, kuhakikisha marekebisho rahisi na yenye ufanisi ya ukubwa.<\/li>    <li>Imejengwa kwa chuma cha pua cha daraja la chakula, kinachokidhi viwango vya usalama wa chakula.<\/li>    <li>Imetolewa na miongozo kamili, michoro, na video za mafunzo ili kumsaidia mteja kuanza haraka na ufungaji na uingizwaji wa kisu.<\/li> <\/ul>    <p>Kupitia mradi huu, tulimsaidia mteja wetu wa Kivietinamu kuboresha kwa mafanikio suluhisho zao za usindikaji wa mitambo na sanifu, ambazo ziliongeza kwa kiasi kikubwa pato la kiwanda chao. Tumepokea maoni mazuri kutoka kwake!<\/p>    <figure class=\"wp-block-gallery has-nested-images columns-default is-cropped wp-block-gallery-5 is-layout-flex wp-block-gallery-is-layout-flex\"> <figure class=\"wp-block-image size-large\"><img loading=\"lazy\" decoding=\"async\" width=\"720\" height=\"540\" data-id=\"873\" src=\"https:\/\/corn-machine.com\/wp-content\/uploads\/2025\/08\/plastic-covering-of-sweet-corn-cutter.webp\" alt=\"kifuniko cha plastiki cha kikata mahindi matamu\" class=\"wp-image-873\" title=\"\" srcset=\"https:\/\/corn-machine.com\/wp-content\/uploads\/2025\/08\/plastic-covering-of-sweet-corn-cutter.webp 720w, https:\/\/corn-machine.com\/wp-content\/uploads\/2025\/08\/plastic-covering-of-sweet-corn-cutter-300x225.webp 300w, https:\/\/corn-machine.com\/wp-content\/uploads\/2025\/08\/plastic-covering-of-sweet-corn-cutter-16x12.webp 16w\" sizes=\"auto, (max-width: 720px) 100vw, 720px\" \/><figcaption class=\"wp-element-caption\">kifuniko cha plastiki cha kikata mahindi matamu<\/figcaption><\/figure>    <figure class=\"wp-block-image size-large\"><img loading=\"lazy\" decoding=\"async\" width=\"720\" height=\"540\" data-id=\"875\" src=\"https:\/\/corn-machine.com\/wp-content\/uploads\/2025\/08\/wooden-packaging-of-corn-cutting-machine.webp\" alt=\"ufungaji wa mbao wa mashine ya kukata mahindi\" class=\"wp-image-875\" title=\"\" srcset=\"https:\/\/corn-machine.com\/wp-content\/uploads\/2025\/08\/wooden-packaging-of-corn-cutting-machine.webp 720w, https:\/\/corn-machine.com\/wp-content\/uploads\/2025\/08\/wooden-packaging-of-corn-cutting-machine-300x225.webp 300w, https:\/\/corn-machine.com\/wp-content\/uploads\/2025\/08\/wooden-packaging-of-corn-cutting-machine-16x12.webp 16w\" sizes=\"auto, (max-width: 720px) 100vw, 720px\" \/><figcaption class=\"wp-element-caption\">ufungaji wa mbao wa mashine ya kukata mahindi<\/figcaption><\/figure> <\/figure>    <p>Ikiwa kiwanda chako kinahitaji uboreshaji kwa kiwango cha juu cha otomatiki, mashine hii ya kukata mahindi safi ni chaguo nzuri! Wasiliana nami sasa ili upate nukuu ya hivi karibuni na habari!<\/p>    <p class=\"translation-block\">Taizy pia hutoa <a href=\"https:\/\/corn-machine.com\/sw\/product\/fresh-corn-sheller-machine\/\">mashine ya kukoboa mahindi<\/a> kwa ajili ya kuchakata nafaka za chakula. Ikiwa una nia ya mashine kama hiyo, bonyeza ili ujifunze maelezo zaidi!<\/p>    <p><\/p>","protected":false},"excerpt":{"rendered":"<p>Mashine ya kukata mahindi safi ya Taizy inapitishwa kwenye mstari wa uzalishaji wa chakula wa viwandani, ambao unaweza kukata mahindi ya glutinous, mahindi matamu, mahindi yaliyohifadhiwa kwa uwezo wa kilo 500-600\/h.<\/p>","protected":false},"author":1,"featured_media":863,"parent":0,"template":"","tags":[51,48],"product-type":[49],"class_list":["post-862","product","type-product","status-publish","has-post-thumbnail","hentry","tag-fresh-corn","tag-sweet-corn","product-type-corn-cutter-machine"],"_links":{"self":[{"href":"https:\/\/corn-machine.com\/sw\/wp-json\/wp\/v2\/product\/862","targetHints":{"allow":["GET"]}}],"collection":[{"href":"https:\/\/corn-machine.com\/sw\/wp-json\/wp\/v2\/product"}],"about":[{"href":"https:\/\/corn-machine.com\/sw\/wp-json\/wp\/v2\/types\/product"}],"author":[{"embeddable":true,"href":"https:\/\/corn-machine.com\/sw\/wp-json\/wp\/v2\/users\/1"}],"wp:featuredmedia":[{"embeddable":true,"href":"https:\/\/corn-machine.com\/sw\/wp-json\/wp\/v2\/media\/863"}],"wp:attachment":[{"href":"https:\/\/corn-machine.com\/sw\/wp-json\/wp\/v2\/media?parent=862"}],"wp:term":[{"taxonomy":"post_tag","embeddable":true,"href":"https:\/\/corn-machine.com\/sw\/wp-json\/wp\/v2\/tags?post=862"},{"taxonomy":"product-type","embeddable":true,"href":"https:\/\/corn-machine.com\/sw\/wp-json\/wp\/v2\/product-type?post=862"}],"curies":[{"name":"[\"wp\"]","href":"https:\/\/api.w.org\/{rel}","templated":true}]}}