{"id":882,"date":"2025-08-20T14:46:05","date_gmt":"2025-08-20T06:46:05","guid":{"rendered":"https:\/\/corn-machine.com\/?post_type=product&#038;p=882"},"modified":"2025-10-11T09:04:53","modified_gmt":"2025-10-11T01:04:53","slug":"corn-husk-remover-for-food-processing","status":"publish","type":"product","link":"https:\/\/corn-machine.com\/sw\/product\/corn-husk-remover-for-food-processing\/","title":{"rendered":"Kiondoa Maganda ya Mahindi cha Viwandani Kwa Kiwanda Kikubwa cha Usindikaji Chakula"},"content":{"rendered":"<p class=\"translation-block\">Kiondoa maganda ya mahindi cha Taizy kimeundwa mahususi kwa ajili ya usindikaji wa chakula kiotomatiki kwa kukata mzizi kiotomatiki, kukata ncha, kuondoa nywele, kupuliza hewa ili kutawanya majani, na kuondoa hariri za maganda, n.k. <\/p>    <p class=\"translation-block\">Shuka ya mahindi tamu inaweza kuondoa ganda la mahindi safi, tamu, na ya waxi ya aina yoyote yenye urefu wa 110\u2013280 mm (ikiwemo ganda na mzizi) na kipenyo cha 40\u201380 mm (katika hali ya kuwa na ganda). Ikiwa na <strong>kiasi cha uharibifu cha \u22641%,<\/strong> <strong>uwezo wa kuondoa ganda wa \u226598%<\/strong>, na <strong>kiasi cha kuondoa nyuzi za mahindi cha \u226592%<\/strong>, uwezo wake unaweza kufikia 10,000\u201312,000 masikio\/saa.<\/p>    <h2 class=\"wp-block-heading\"><strong>Video ya kazi ya kiondoa maganda ya mahindi cha viwandani<\/strong><\/h2>    <p>Hapa chini kuna video ya maoni ya mteja ambapo tulipewa mashine na kufanya majaribio.<\/p>    <figure class=\"wp-block-embed aligncenter is-type-video is-provider-youtube wp-block-embed-youtube wp-embed-aspect-16-9 wp-has-aspect-ratio\"><div class=\"wp-block-embed__wrapper\"> <iframe loading=\"lazy\" title=\"\ud83c\udf3dMashine ya Kuondoa Majani ya Mahindi ya Viwanda | Kuondoa Majani na Nyuzi za Mahindi Mapya\" width=\"500\" height=\"281\" src=\"https:\/\/www.youtube.com\/embed\/SMyoAyr_J5s?feature=oembed\" frameborder=\"0\" allow=\"accelerometer; autoplay; clipboard-write; encrypted-media; gyroscope; picture-in-picture; web-share\" referrerpolicy=\"strict-origin-when-cross-origin\" allowfullscreen><\/iframe> <\/div><figcaption class=\"wp-element-caption\">mashine ya kufanya kazi ya kumenya maganda ya mahindi<\/figcaption><\/figure>    <h2 class=\"wp-block-heading\"><strong>Nguvu za kiondoa maganda ya mahindi safi<\/strong><\/h2>    <ul class=\"wp-block-list\"> <li>Kimenya mahindi kiotomatiki hiki kinatatua kikamilifu tatizo la mavuno duni ya mahindi safi katika usindikaji wa kiwango kikubwa na kinaweza kusindika mahindi safi 10,000\u201312,000 kwa saa, ambayo huongeza ufanisi wa mstari wa uzalishaji wa chakula.<\/li>    <li>Mashine ya kumenya masuke ya mahindi ya Taizy inajumuisha kumenya maganda, kukata mizizi, kukata ncha, na kuondoa hariri. Wakati wa mchakato wa uzalishaji, hakuna mgusano na vyanzo vya uchafuzi kama vile metali zenye oksidi na unyevu, ambayo huhakikisha kwa ufanisi ubora na kiwango cha usafi wa bidhaa za mahindi matamu safi.<\/li>    <li>Kiondoa maganda ya mahindi kinaweza kushughulikia mahindi safi ya aina mbalimbali, yenye urefu kutoka 110\u2013280 mm na kipenyo kutoka 40\u201380 mm, ikiwa ni pamoja na mahindi matamu na yenye kuchemsha, na kuifanya kuwa na matumizi mengi.<\/li>    <li>Imeundwa kwa nyenzo za kiwango cha viwandani na vipengele vya ubora wa juu, inatoa operesheni thabiti na maisha marefu ya huduma, na kuifanya ifae kwa uzalishaji wa kazi nzito.<\/li> <\/ul>   <div class=\"wp-block-image\"> <figure class=\"aligncenter size-large\"><img loading=\"lazy\" decoding=\"async\" width=\"720\" height=\"540\" src=\"https:\/\/corn-machine.com\/wp-content\/uploads\/2025\/08\/sweet-corn-shucker.webp\" alt=\"kimenya mahindi matamu\" class=\"wp-image-888\" title=\"\" srcset=\"https:\/\/corn-machine.com\/wp-content\/uploads\/2025\/08\/sweet-corn-shucker.webp 720w, https:\/\/corn-machine.com\/wp-content\/uploads\/2025\/08\/sweet-corn-shucker-300x225.webp 300w, https:\/\/corn-machine.com\/wp-content\/uploads\/2025\/08\/sweet-corn-shucker-16x12.webp 16w\" sizes=\"auto, (max-width: 720px) 100vw, 720px\" \/><figcaption class=\"wp-element-caption\">kimenya mahindi matamu<\/figcaption><\/figure> <\/div>   <h2 class=\"wp-block-heading\"><strong>Vigezo vya kiufundi vya kiondoa maganda ya mahindi matamu kiotomatiki<\/strong><\/h2>    <figure class=\"wp-block-table aligncenter\"><table class=\"has-fixed-layout\"><tbody><tr><td>Mfano<\/td><td class=\"has-text-align-center\" data-align=\"center\">6BLQ-210-12000<\/td><\/tr><tr><td>Ukubwa<\/td><td class=\"has-text-align-center\" data-align=\"center\">10.5*1.72*1.95m<\/td><\/tr><tr><td>Uzito<\/td><td class=\"has-text-align-center\" data-align=\"center\">5000kg<\/td><\/tr><tr><td>Uwezo<\/td><td class=\"has-text-align-center\" data-align=\"center\">12000 masuke\/saa<\/td><\/tr><tr><td>Nguvu<\/td><td class=\"has-text-align-center\" data-align=\"center\">12.25kw<\/td><\/tr><tr><td>Voltage<\/td><td class=\"has-text-align-center\" data-align=\"center\">380v<\/td><\/tr><tr><td>Kiwango cha kuvunjika<\/td><td class=\"has-text-align-center\" data-align=\"center\">1%<\/td><\/tr><tr><td>Ufanisi wa kumenya<\/td><td class=\"has-text-align-center\" data-align=\"center\">98%<\/td><\/tr><tr><td>Kiwango cha kuondoa hariri<\/td><td class=\"has-text-align-center\" data-align=\"center\">92%<\/td><\/tr><tr><td>Maombi<\/td><td class=\"has-text-align-center\" data-align=\"center\">Mahindi safi, mahindi tamu, mahindi ya waxi, nk.<\/td><\/tr><\/tbody><\/table><figcaption class=\"wp-element-caption\">vigezo vya kina vya mashine ya kumenya mahindi<\/figcaption><\/figure>    <h2 class=\"wp-block-heading\"><strong>Kanuni ya kazi ya kiondoa maganda ya mahindi matamu<\/strong><\/h2>    <p class=\"translation-block\">M\u00e1quina fresca de desgranado de ma\u00edz elimina la c\u00e1scara externa y la seda de las mazorcas de ma\u00edz <strong>mediante una combinaci\u00f3n de funciones de fricci\u00f3n y despojo<\/strong>. Durante la operaci\u00f3n, las mazorcas se introducen en la secci\u00f3n de desgranado por el sistema de transporte una por una, donde rodillos giratorios o dispositivos de pelado especializados <strong>aplican presi\u00f3n y fricci\u00f3n para pelar la c\u00e1scara<\/strong> capa por capa.<\/p>    <p class=\"translation-block\">Wakati huo huo, kuna baadhi ya vipengele vya ziada, kama <strong>brashi au vimbunga, vinavyosaidia kwa ufanisi kuondoa nyuzi za mahindi<\/strong>. Kuwa na mfumo wa kukata ambao <strong>unakata msingi na ncha ya ganda<\/strong>, kuhakikisha urefu wa kawaida na muonekano safi, laini bila ganda na <a href=\"https:\/\/en.wikipedia.org\/wiki\/Corn_silk\" target=\"_blank\" rel=\"noopener\">nyuzi<\/a>.<\/p>    <figure class=\"wp-block-gallery has-nested-images columns-default is-cropped wp-block-gallery-2 is-layout-flex wp-block-gallery-is-layout-flex\"> <figure class=\"wp-block-image size-large\"><img loading=\"lazy\" decoding=\"async\" width=\"720\" height=\"540\" data-id=\"889\" src=\"https:\/\/corn-machine.com\/wp-content\/uploads\/2025\/08\/automatic-conveyor-belt.webp\" alt=\"ukanda wa kusafirisha kiotomatiki wa kimenya mahindi cha umeme\" class=\"wp-image-889\" title=\"\" srcset=\"https:\/\/corn-machine.com\/wp-content\/uploads\/2025\/08\/automatic-conveyor-belt.webp 720w, https:\/\/corn-machine.com\/wp-content\/uploads\/2025\/08\/automatic-conveyor-belt-300x225.webp 300w, https:\/\/corn-machine.com\/wp-content\/uploads\/2025\/08\/automatic-conveyor-belt-16x12.webp 16w\" sizes=\"auto, (max-width: 720px) 100vw, 720px\" \/><figcaption class=\"wp-element-caption\">ukanda wa kusafirisha kiotomatiki<\/figcaption><\/figure>    <figure class=\"wp-block-image size-large\"><img loading=\"lazy\" decoding=\"async\" width=\"720\" height=\"540\" data-id=\"887\" src=\"https:\/\/corn-machine.com\/wp-content\/uploads\/2025\/08\/pneumatic-device-for-shelling-and-ear-removal.webp\" alt=\"kifaa cha nyumatiki cha kumenya na kuondoa masuke\" class=\"wp-image-887\" title=\"\" srcset=\"https:\/\/corn-machine.com\/wp-content\/uploads\/2025\/08\/pneumatic-device-for-shelling-and-ear-removal.webp 720w, https:\/\/corn-machine.com\/wp-content\/uploads\/2025\/08\/pneumatic-device-for-shelling-and-ear-removal-300x225.webp 300w, https:\/\/corn-machine.com\/wp-content\/uploads\/2025\/08\/pneumatic-device-for-shelling-and-ear-removal-16x12.webp 16w\" sizes=\"auto, (max-width: 720px) 100vw, 720px\" \/><figcaption class=\"wp-element-caption\">kifaa cha nyumatiki cha kumenya na kuondoa masuke<\/figcaption><\/figure> <\/figure>    <h2 class=\"wp-block-heading\"><strong>Matumizi ya aina hii ya mashine ya kumenya mahindi<\/strong><\/h2>    <p>Kama hatua ya kwanza ya kusindika chakula cha mahindi, kiondoa maganda ya mahindi ni vifaa muhimu vya kuhakikisha ubora wa bidhaa. Husaidia kufikia masuke ya mahindi safi na sare ambayo yuko tayari kwa usindikaji zaidi au matumizi ya moja kwa moja. Kwa hivyo inafaa kwa mistari ya uzalishaji wa kugandisha haraka, uzalishaji wa mahindi matamu yaliyofungwa kwa utupu, usindikaji baada ya mavuno kupunguza kazi na kuongeza thamani ya bidhaa, na tasnia zingine za usindikaji wa chakula au mashamba makubwa.<\/p>    <figure class=\"wp-block-gallery has-nested-images columns-default is-cropped wp-block-gallery-3 is-layout-flex wp-block-gallery-is-layout-flex\"> <figure class=\"wp-block-image size-large\"><img loading=\"lazy\" decoding=\"async\" width=\"720\" height=\"540\" data-id=\"886\" src=\"https:\/\/corn-machine.com\/wp-content\/uploads\/2025\/08\/husked-and-de-eared-corn.webp\" alt=\"mahindi yaliyomenya na kuondolewa masuke na kimenya mahindi cha umeme\" class=\"wp-image-886\" title=\"\" srcset=\"https:\/\/corn-machine.com\/wp-content\/uploads\/2025\/08\/husked-and-de-eared-corn.webp 720w, https:\/\/corn-machine.com\/wp-content\/uploads\/2025\/08\/husked-and-de-eared-corn-300x225.webp 300w, https:\/\/corn-machine.com\/wp-content\/uploads\/2025\/08\/husked-and-de-eared-corn-16x12.webp 16w\" sizes=\"auto, (max-width: 720px) 100vw, 720px\" \/><figcaption class=\"wp-element-caption\">mahindi yaliyomenya na kuondolewa masuke<\/figcaption><\/figure>    <figure class=\"wp-block-image size-large\"><img loading=\"lazy\" decoding=\"async\" width=\"720\" height=\"540\" data-id=\"893\" src=\"https:\/\/corn-machine.com\/wp-content\/uploads\/2025\/08\/vacuum-packed-corn.webp\" alt=\"mahindi yaliyofungwa kwa utupu\" class=\"wp-image-893\" title=\"\" srcset=\"https:\/\/corn-machine.com\/wp-content\/uploads\/2025\/08\/vacuum-packed-corn.webp 720w, https:\/\/corn-machine.com\/wp-content\/uploads\/2025\/08\/vacuum-packed-corn-300x225.webp 300w, https:\/\/corn-machine.com\/wp-content\/uploads\/2025\/08\/vacuum-packed-corn-16x12.webp 16w\" sizes=\"auto, (max-width: 720px) 100vw, 720px\" \/><figcaption class=\"wp-element-caption\">mahindi yaliyofungwa kwa utupu<\/figcaption><\/figure> <\/figure>    <h2 class=\"wp-block-heading\"><strong>Kwa nini uchague mashine ya kumenya mahindi ya Taizy?<\/strong><\/h2>    <ol class=\"wp-block-list\"> <li>Taizy hutengeneza viondoa maganda ya mahindi katika kiwanda chetu wenyewe, ambacho huhakikisha udhibiti thabiti wa ubora, uwezo wa usambazaji unaotegemewa, na bei za ushindani bila kutegemea waamusharika.<\/li>    <li>Tunatoa miongozo ya wazi ya uendeshaji, video za mafunzo, na usaidizi wa kiufundi mtandaoni. Kwa wateja wa ng'ambo, vipuri na mwongozo wa mbali vinapatikana ili kusaidia mashine kuendelea kufanya kazi vizuri na kutatua matatizo yoyote unayokutana nayo.<\/li>    <li>Kwa miaka ya uzoefu katika utengenezaji na usafirishaji wa mashine za kilimo, Taizy imejenga sifa kwa mashine zinazofaa, zinazolenga mtumiaji. Tunazingatia kudumu, urahisi wa uendeshaji, na ufanisi ili kukidhi mahitaji mbalimbali ya wazalishaji wa ukubwa wote.<\/li>    <li>Wateja wengi kutoka Asia, Ulaya, na Amerika wamesema kuwa vimenya mahindi vya Taizy vimewasaidia kuokoa kazi, kupunguza gharama za usindikaji, na kufikia mavuno thabiti. Maoni yao yanatuchochea kuboresha muundo na huduma zetu kila wakati.<\/li> <\/ol>    <p>Taizy pia inatoa vifaa vingine vinavyoweza kutumika katika usindikaji wa mahindi safi:<\/p>    <ul class=\"wp-block-list\"> <li><a href=\"https:\/\/corn-machine.com\/sw\/product\/fresh-corn-sheller-machine\/\">Mashine ya kuondoa ngozi ya mahindi<\/a>: Inaweza kuondoa mbegu kutoka kwa shina la mahindi kwa kutumia kwenye maboksi ya mahindi au mstari wa uzalishaji wa mbegu zilizoganda.<\/li>    <li><a href=\"https:\/\/corn-machine.com\/sw\/product\/sweet-corn-cutting-machine-food-process\/\">Mashine ya kukata mahindi mapya<\/a>: Hii hutumika kukata mahindi kuwa vipande kwa hatua zinazofuata za usindikaji.<\/li> <\/ul>    <p>Ikiwa unataka kujua habari zaidi, bonyeza tovuti au unifikie kuuliza kuhusu mahitaji yako.<\/p>    <p>Unataka kujifunza zaidi kuhusu bei na maelezo? Usisite kun Contact me!<\/p>","protected":false},"excerpt":{"rendered":"<p>Mashine ya kuondoa maganda ya mahindi ya Taizy inaweza kuondoa maganda ya mahindi mapya yenye urefu wa 110\u2013280 mm na kipenyo cha 40\u201380 mm. Ikiwa na uwezo wa 10000-12000 masikio\/h, inaboresha ufanisi wa mstari wa uzalishaji wa usindikaji wa chakula.<\/p>","protected":false},"author":1,"featured_media":883,"parent":0,"template":"","tags":[31,51,48],"product-type":[49],"class_list":["post-882","product","type-product","status-publish","has-post-thumbnail","hentry","tag-corn","tag-fresh-corn","tag-sweet-corn","product-type-corn-cutter-machine"],"_links":{"self":[{"href":"https:\/\/corn-machine.com\/sw\/wp-json\/wp\/v2\/product\/882","targetHints":{"allow":["GET"]}}],"collection":[{"href":"https:\/\/corn-machine.com\/sw\/wp-json\/wp\/v2\/product"}],"about":[{"href":"https:\/\/corn-machine.com\/sw\/wp-json\/wp\/v2\/types\/product"}],"author":[{"embeddable":true,"href":"https:\/\/corn-machine.com\/sw\/wp-json\/wp\/v2\/users\/1"}],"wp:featuredmedia":[{"embeddable":true,"href":"https:\/\/corn-machine.com\/sw\/wp-json\/wp\/v2\/media\/883"}],"wp:attachment":[{"href":"https:\/\/corn-machine.com\/sw\/wp-json\/wp\/v2\/media?parent=882"}],"wp:term":[{"taxonomy":"post_tag","embeddable":true,"href":"https:\/\/corn-machine.com\/sw\/wp-json\/wp\/v2\/tags?post=882"},{"taxonomy":"product-type","embeddable":true,"href":"https:\/\/corn-machine.com\/sw\/wp-json\/wp\/v2\/product-type?post=882"}],"curies":[{"name":"[\"wp\"]","href":"https:\/\/api.w.org\/{rel}","templated":true}]}}