{"id":974,"date":"2025-09-28T15:17:58","date_gmt":"2025-09-28T07:17:58","guid":{"rendered":"https:\/\/corn-machine.com\/?post_type=product&#038;p=974"},"modified":"2025-09-28T17:50:19","modified_gmt":"2025-09-28T09:50:19","slug":"corn-tip-and-tail-cutting-machine","status":"publish","type":"product","link":"https:\/\/corn-machine.com\/sw\/product\/corn-tip-and-tail-cutting-machine\/","title":{"rendered":"Maskin f\u00f6r spets- och stj\u00e4lkning av majs"},"content":{"rendered":"<p class=\"translation-block\"><strong>Majs tip- och svanssk\u00e4rare<\/strong> \u00e4r utformad f\u00f6r f\u00f6rbehandling av majsbearbetning. Denna automatiska majsmaskin kan effektivt sk\u00e4ra av huvudet och svansen p\u00e5 f\u00e4rsk majs, s\u00f6tmajs, vaxmajs osv. Dessutom kan den bearbeta majs med eller utan skal i en takt av 3000-6000 per timme.<\/p>    <p>Det kan hj\u00e4lpa majsbearbetningsanl\u00e4ggningar att avsev\u00e4rt \u00f6ka produktionseffektiviteten. M\u00e5nga lantliga samarbetsf\u00f6reningar \u00e4r ocks\u00e5 villiga att gemensamt k\u00f6pa en f\u00f6rbehandlingsmaskin. Samtidigt exporteras maskinerna i stor utstr\u00e4ckning till Vietnam, Nigeria, Indien och andra l\u00e4nder.<\/p>    <figure class=\"wp-block-embed is-type-video is-provider-youtube wp-block-embed-youtube wp-embed-aspect-16-9 wp-has-aspect-ratio\"><div class=\"wp-block-embed__wrapper\"> <iframe loading=\"lazy\" title=\"Mashine ya Kukata Vichwa na Mikia ya Mahindi Kiotomatiki | Suluhisho Bora la Usindikaji wa Awali wa Mahindi\" width=\"500\" height=\"281\" src=\"https:\/\/www.youtube.com\/embed\/GsZ9PzakF6M?feature=oembed\" frameborder=\"0\" allow=\"accelerometer; autoplay; clipboard-write; encrypted-media; gyroscope; picture-in-picture; web-share\" referrerpolicy=\"strict-origin-when-cross-origin\" allowfullscreen><\/iframe> <\/div><figcaption class=\"wp-element-caption\">video ya kazi ya mashine ya kukata ncha na mkia wa mahindi<\/figcaption><\/figure>    <h2 class=\"wp-block-heading\"><strong>F\u00f6rdelar med majs huvud- och svansavl\u00e4gsnare<\/strong><\/h2>    <ol class=\"wp-block-list\"> <li>J\u00e4mf\u00f6rt med manuell majsbrytning eller en halvautomatisk huvud- och svansavl\u00e4gsnare sparar v\u00e5r utrustning arbetskraftskostnader och sparar minst dubbelt s\u00e5 mycket tid.<\/li>    <li>Taizy-majs topp- och tipsk\u00e4rare tar liten yta men h\u00f6g effektivitet och kan bearbeta upp till 6 000 k\u00e4rnor per timme.<\/li>    <li>Bladen p\u00e5 majs tip- och svanssk\u00e4rare kan bytas ut f\u00f6r att justera kolverl\u00e4ngder, vilket \u00e4r avg\u00f6rande f\u00f6r storskalig bearbetning och paketering.<\/li>    <li>V\u00e5r majs\u00e4ndsk\u00e4rare anv\u00e4nder SUS304-st\u00e5l som huvudmaterial och garanterar maskinens livsl\u00e4ngd och \u00f6verensst\u00e4mmer med internationell livsmedelss\u00e4kerhet.<\/li> <\/ol>   <div class=\"wp-block-image\"> <figure class=\"aligncenter size-full\"><img loading=\"lazy\" decoding=\"async\" width=\"720\" height=\"540\" src=\"https:\/\/corn-machine.com\/wp-content\/uploads\/2025\/09\/maize-tip-and-tail-cutting-machine.webp\" alt=\"majs tip- och svanssk\u00e4rare\" class=\"wp-image-976\" title=\"\" srcset=\"https:\/\/corn-machine.com\/wp-content\/uploads\/2025\/09\/maize-tip-and-tail-cutting-machine.webp 720w, https:\/\/corn-machine.com\/wp-content\/uploads\/2025\/09\/maize-tip-and-tail-cutting-machine-300x225.webp 300w, https:\/\/corn-machine.com\/wp-content\/uploads\/2025\/09\/maize-tip-and-tail-cutting-machine-16x12.webp 16w\" sizes=\"auto, (max-width: 720px) 100vw, 720px\" \/><figcaption class=\"wp-element-caption\">majs tip- och svanssk\u00e4rare<\/figcaption><\/figure> <\/div>   <h2 class=\"wp-block-heading\"><strong>Modeller och parametrar f\u00f6r s\u00f6tmajs\u00e4ndsk\u00e4rare<\/strong><\/h2>    <p>Vi erbjuder tv\u00e5 typer av majs tip- och svanssk\u00e4rare f\u00f6r att m\u00f6ta olika kapacitetsbehov. De \u00e4r enradig typ av huvud- och svansavl\u00e4gsnare och tv\u00e5radig typ av vaxmajs huvud- och svanssk\u00e4rare.<\/p>    <h3 class=\"wp-block-heading\"><strong>Enradig f\u00e4rsk majs huvud- och svansavl\u00e4gsnare<\/strong><\/h3>    <figure class=\"wp-block-table\"><table class=\"has-fixed-layout\"><tbody><tr><td>Mfano<\/td><td class=\"has-text-align-center\" data-align=\"center\">Enradig typ<\/td><\/tr><tr><td>Sk\u00e4rkraft<\/td><td class=\"has-text-align-center\" data-align=\"center\">1.5KW<\/td><\/tr><tr><td>transmissionskraft<\/td><td class=\"has-text-align-center\" data-align=\"center\">0,75KW (Frekvensomvandlingstransmission)<\/td><\/tr><tr><td>Material<\/td><td class=\"has-text-align-center\" data-align=\"center\">Rostfritt st\u00e5l <\/td><\/tr><tr><td>Uwezo<\/td><td class=\"has-text-align-center\" data-align=\"center\">3000 majsk\u00e4rnor\/h<\/td><\/tr><tr><td>Ukubwa<\/td><td class=\"has-text-align-center\" data-align=\"center\">3000mm*800mm*1500mm<\/td><\/tr><\/tbody><\/table><figcaption class=\"wp-element-caption\">specifikation f\u00f6r enradig f\u00e4rsk majs huvud- och svansavl\u00e4gsnare<\/figcaption><\/figure>   <div class=\"wp-block-image\"> <figure class=\"aligncenter size-full\"><img loading=\"lazy\" decoding=\"async\" width=\"720\" height=\"540\" src=\"https:\/\/corn-machine.com\/wp-content\/uploads\/2025\/09\/single-row-fresh-corn-head-and-tail-remover.webp\" alt=\"Enradig f\u00e4rsk majs huvud- och svansavl\u00e4gsnare\" class=\"wp-image-977\" title=\"\" srcset=\"https:\/\/corn-machine.com\/wp-content\/uploads\/2025\/09\/single-row-fresh-corn-head-and-tail-remover.webp 720w, https:\/\/corn-machine.com\/wp-content\/uploads\/2025\/09\/single-row-fresh-corn-head-and-tail-remover-300x225.webp 300w, https:\/\/corn-machine.com\/wp-content\/uploads\/2025\/09\/single-row-fresh-corn-head-and-tail-remover-16x12.webp 16w\" sizes=\"auto, (max-width: 720px) 100vw, 720px\" \/><figcaption class=\"wp-element-caption\">Enradig f\u00e4rsk majs huvud- och svansavl\u00e4gsnare<\/figcaption><\/figure> <\/div>   <h3 class=\"wp-block-heading\"><strong>Dubbelradig vaxmajs tip- och svanssk\u00e4rare<\/strong><\/h3>    <figure class=\"wp-block-table\"><table class=\"has-fixed-layout\"><tbody><tr><td>Mfano<\/td><td class=\"has-text-align-center\" data-align=\"center\">Dubbelradig typ<\/td><\/tr><tr><td>Sk\u00e4rkraft<\/td><td class=\"has-text-align-center\" data-align=\"center\">1.5KW<\/td><\/tr><tr><td>transmissionskraft<\/td><td class=\"has-text-align-center\" data-align=\"center\">1.5KW(Frekvensomvandlingstransmission)<\/td><\/tr><tr><td>Material<\/td><td class=\"has-text-align-center\" data-align=\"center\">Rostfritt st\u00e5l <\/td><\/tr><tr><td>Uwezo<\/td><td class=\"has-text-align-center\" data-align=\"center\">6000 majsk\u00e4rnor\/h<\/td><\/tr><tr><td>Ukubwa<\/td><td class=\"has-text-align-center\" data-align=\"center\">7000mm*1700mm*1900mm<\/td><\/tr><\/tbody><\/table><figcaption class=\"wp-element-caption\">parametrar f\u00f6r dubbelradig majs huvud- och svanssk\u00e4rare<\/figcaption><\/figure>   <div class=\"wp-block-image\"> <figure class=\"aligncenter size-full\"><img loading=\"lazy\" decoding=\"async\" width=\"720\" height=\"540\" src=\"https:\/\/corn-machine.com\/wp-content\/uploads\/2025\/09\/double-row-maize-head-and-tail-cutting-machine.webp\" alt=\"dubbelradig majs huvud- och svanssk\u00e4rare\" class=\"wp-image-978\" title=\"\" srcset=\"https:\/\/corn-machine.com\/wp-content\/uploads\/2025\/09\/double-row-maize-head-and-tail-cutting-machine.webp 720w, https:\/\/corn-machine.com\/wp-content\/uploads\/2025\/09\/double-row-maize-head-and-tail-cutting-machine-300x225.webp 300w, https:\/\/corn-machine.com\/wp-content\/uploads\/2025\/09\/double-row-maize-head-and-tail-cutting-machine-16x12.webp 16w\" sizes=\"auto, (max-width: 720px) 100vw, 720px\" \/><figcaption class=\"wp-element-caption\">dubbelradig majs huvud- och svanssk\u00e4rare<\/figcaption><\/figure> <\/div>   <h2 class=\"wp-block-heading\"><strong>Anv\u00e4ndning av majs tip- och svanssk\u00e4rare<\/strong><\/h2>    <p class=\"translation-block\">Vanligtvis \u00e4r dessa typer av maskiner l\u00e4mpliga f\u00f6r bearbetning av s\u00f6tmajs, <a href=\"https:\/\/en.wikipedia.org\/wiki\/Waxy_corn\" target=\"_blank\" rel=\"noopener\">vaxmajs<\/a>, etc., i f\u00e4rskvaru behandlingsanl\u00e4ggningar eller lantliga kooperativa Bearbetningar. Den bearbetade majsen kan steriliseras och vakuumf\u00f6rpackas direkt, eller g\u00f6ras till konserverad majs, frusen majs och andra produkter.<\/p>    <p>Det kan effektivt g\u00f6ra f\u00f6rbehandlingar av majs. F\u00f6r majskorn med skinn som kan sk\u00e4ras av huvudet och svansen f\u00f6r att g\u00f6ra skalningen enklare. F\u00f6r majs utan skinn kan huvudet och svansen sk\u00e4ras av f\u00f6r att standardisera kvaliteten. Detta steg underl\u00e4ttar efterf\u00f6ljande majs livsmedelsbearbetning.<\/p>    <figure class=\"wp-block-gallery has-nested-images columns-default is-cropped wp-block-gallery-2 is-layout-flex wp-block-gallery-is-layout-flex\"> <figure class=\"wp-block-image size-large\"><img loading=\"lazy\" decoding=\"async\" width=\"720\" height=\"540\" data-id=\"980\" src=\"https:\/\/corn-machine.com\/wp-content\/uploads\/2025\/09\/corn-food-processing-factory.webp\" alt=\"majsfoderbearbetningsfabrik\" class=\"wp-image-980\" title=\"\" srcset=\"https:\/\/corn-machine.com\/wp-content\/uploads\/2025\/09\/corn-food-processing-factory.webp 720w, https:\/\/corn-machine.com\/wp-content\/uploads\/2025\/09\/corn-food-processing-factory-300x225.webp 300w, https:\/\/corn-machine.com\/wp-content\/uploads\/2025\/09\/corn-food-processing-factory-16x12.webp 16w\" sizes=\"auto, (max-width: 720px) 100vw, 720px\" \/><figcaption class=\"wp-element-caption\">majsfoderbearbetningsfabrik<\/figcaption><\/figure>    <figure class=\"wp-block-image size-large\"><img loading=\"lazy\" decoding=\"async\" width=\"720\" height=\"540\" data-id=\"981\" src=\"https:\/\/corn-machine.com\/wp-content\/uploads\/2025\/09\/vacuum-packed-fresh-corn.webp\" alt=\"f\u00e4rska majskorn vakuumf\u00f6rpackade\" class=\"wp-image-981\" title=\"\" srcset=\"https:\/\/corn-machine.com\/wp-content\/uploads\/2025\/09\/vacuum-packed-fresh-corn.webp 720w, https:\/\/corn-machine.com\/wp-content\/uploads\/2025\/09\/vacuum-packed-fresh-corn-300x225.webp 300w, https:\/\/corn-machine.com\/wp-content\/uploads\/2025\/09\/vacuum-packed-fresh-corn-16x12.webp 16w\" sizes=\"auto, (max-width: 720px) 100vw, 720px\" \/><figcaption class=\"wp-element-caption\">f\u00e4rska majskorn vakuumf\u00f6rpackade<\/figcaption><\/figure> <\/figure>    <h2 class=\"wp-block-heading\"><strong>Varf\u00f6r v\u00e4lja Taizy?<\/strong><\/h2>    <ul class=\"wp-block-list\"> <li>Taizy har funnits i 40 \u00e5r och har d\u00e4rmed \u00f6ver ett decennium av erfarenhet av export av jordbruksmajsbearbetningsmaskiner.<\/li>    <li>We have a strict QC system, so our machines are built based on international standards. Most of Taizy&#8217;s equipment has CE and other internationally recognized certificates.<\/li>    <li>Taizy erbjuder god eftermarknadssupport, inklusive installationsst\u00f6d, teknisk\/fels\u00f6kning, reservdelstillg\u00e5ng med mera.<\/li>    <li>Taizy \u00e4r b\u00e5de tillverkare och export\u00f6r, s\u00e5 vi sparar ofta kostnader j\u00e4mf\u00f6rt med att g\u00e5 igenom en tredje part. Dessutom har vi v\u00e5r egen fabrik, vilket inneb\u00e4r att vi har st\u00f6rre kontroll \u00f6ver produktionskostnader och leveranstider.<\/li> <\/ul>    <h2 class=\"wp-block-heading\"><strong>Hur best\u00e4ller man denna majs huvud- och \u00e4ndsk\u00e4rare?<\/strong><\/h2>    <p>If you are interested in our machine but don&#8217;t know if it has an affordable price and suitable requirements for you, you can contact us through WhatsApp, phone, or email, and send us a message. We will provide you with the list of products and their price. <\/p>    <p>N\u00e4r du \u00e4r s\u00e4ker p\u00e5 att du har s\u00e5dana avsikter f\u00f6r vissa maskiner, kommer v\u00e5r s\u00e4ljare att ge dig en l\u00f6sning baserad p\u00e5 din produktionskapacitet och de material du vill bearbeta.<\/p>    <p>En partiell deposition kr\u00e4vs innan produktionen, och tillverkningsprocessen tar vanligtvis cirka 15 dagar. Om vi har lager i v\u00e5rt lager och inga s\u00e4rskilda krav kr\u00e4vs, kan vi f\u00f6rbereda leverans vid orderbekr\u00e4ftelse.<\/p>    <p>We'll testa maskin f\u00f8r leveranse f\u00f6r att kontrollera om den \u00e4r kvalificerad. Om du vill bes\u00f6ka fabriken och testa maskinen sj\u00e4lv \u00e4r du alltid v\u00e4lkommen att kontakta oss.<\/p>    <p class=\"translation-block\">Om du \u00e4r intresserad av denna majs tip- och svanssk\u00e4rare, v\u00e4nligen tveka inte att kontakta oss f\u00f6r en kostnadsfri offert. F\u00f6rutom denna maskin erbjuder vi ocks\u00e5 <a href=\"https:\/\/corn-machine.com\/sw\/product\/sweet-corn-cutting-machine-food-process\/\">majs sk\u00e4rare<\/a> och stora kommersiella <a href=\"https:\/\/corn-machine.com\/sw\/product\/corn-husk-remover-for-food-processing\/\">majsfyllnadsavl\u00e4gsnare<\/a>.<\/p>","protected":false},"excerpt":{"rendered":"<p>Je\u017celi szukasz narz\u0119dzi do wst\u0119pnego przetwarzania dla zak\u0142ad\u00f3w przetwarzania kukurydzy, mo\u017cesz chcie\u0107 przyjrze\u0107 si\u0119 naszemu maszynie do ci\u0119cia ko\u0144c\u00f3wek i ko\u0144c\u00f3wek kolb kukurydzy. Mo\u017ce usuwa\u0107 g\u0142owy i ogony 3 000-6 000 kolb na godzin\u0119.<\/p>","protected":false},"author":1,"featured_media":975,"parent":0,"template":"","tags":[31,51,48],"product-type":[49],"class_list":["post-974","product","type-product","status-publish","has-post-thumbnail","hentry","tag-corn","tag-fresh-corn","tag-sweet-corn","product-type-corn-cutter-machine"],"_links":{"self":[{"href":"https:\/\/corn-machine.com\/sw\/wp-json\/wp\/v2\/product\/974","targetHints":{"allow":["GET"]}}],"collection":[{"href":"https:\/\/corn-machine.com\/sw\/wp-json\/wp\/v2\/product"}],"about":[{"href":"https:\/\/corn-machine.com\/sw\/wp-json\/wp\/v2\/types\/product"}],"author":[{"embeddable":true,"href":"https:\/\/corn-machine.com\/sw\/wp-json\/wp\/v2\/users\/1"}],"wp:featuredmedia":[{"embeddable":true,"href":"https:\/\/corn-machine.com\/sw\/wp-json\/wp\/v2\/media\/975"}],"wp:attachment":[{"href":"https:\/\/corn-machine.com\/sw\/wp-json\/wp\/v2\/media?parent=974"}],"wp:term":[{"taxonomy":"post_tag","embeddable":true,"href":"https:\/\/corn-machine.com\/sw\/wp-json\/wp\/v2\/tags?post=974"},{"taxonomy":"product-type","embeddable":true,"href":"https:\/\/corn-machine.com\/sw\/wp-json\/wp\/v2\/product-type?post=974"}],"curies":[{"name":"[\"wp\"]","href":"https:\/\/api.w.org\/{rel}","templated":true}]}}